{"id":780,"date":"2023-12-15T00:04:07","date_gmt":"2023-12-14T21:04:07","guid":{"rendered":"http:\/\/inspirapsikoloji.com\/?page_id=780"},"modified":"2024-04-24T12:58:24","modified_gmt":"2024-04-24T09:58:24","slug":"cift-terapisi","status":"publish","type":"page","link":"https:\/\/inspirapsikoloji.com\/en\/couples-therapy\/","title":{"rendered":"Couples Therapy"},"content":{"rendered":"<div class=\"vc_row wpb_row vc_row-fluid\"><div class=\"wpb_column vc_column_container vc_col-sm-6\"><div class=\"vc_column-inner\"><div class=\"wpb_wrapper\">\n\t<div  class=\"wpb_single_image wpb_content_element vc_align_center\">\n\t\t\n\t\t<figure class=\"wpb_wrapper vc_figure\">\n\t\t\t<div class=\"vc_single_image-wrapper   vc_box_border_grey\"><img loading=\"lazy\" decoding=\"async\" width=\"640\" height=\"960\" src=\"https:\/\/inspirapsikoloji.com\/wp-content\/uploads\/2023\/12\/cift-terapisi-2-683x1024.jpg\" class=\"vc_single_image-img attachment-large\" alt=\"\" srcset=\"https:\/\/inspirapsikoloji.com\/wp-content\/uploads\/2023\/12\/cift-terapisi-2-683x1024.jpg 683w, https:\/\/inspirapsikoloji.com\/wp-content\/uploads\/2023\/12\/cift-terapisi-2-200x300.jpg 200w, https:\/\/inspirapsikoloji.com\/wp-content\/uploads\/2023\/12\/cift-terapisi-2-768x1152.jpg 768w, https:\/\/inspirapsikoloji.com\/wp-content\/uploads\/2023\/12\/cift-terapisi-2-1024x1536.jpg 1024w, https:\/\/inspirapsikoloji.com\/wp-content\/uploads\/2023\/12\/cift-terapisi-2-1365x2048.jpg 1365w, https:\/\/inspirapsikoloji.com\/wp-content\/uploads\/2023\/12\/cift-terapisi-2-333x500.jpg 333w, https:\/\/inspirapsikoloji.com\/wp-content\/uploads\/2023\/12\/cift-terapisi-2-1067x1600.jpg 1067w, https:\/\/inspirapsikoloji.com\/wp-content\/uploads\/2023\/12\/cift-terapisi-2-scaled.jpg 1707w\" sizes=\"auto, (max-width: 640px) 100vw, 640px\" \/><\/div>\n\t\t<\/figure>\n\t<\/div>\n<\/div><\/div><\/div><div class=\"wpb_column vc_column_container vc_col-sm-6\"><div class=\"vc_column-inner\"><div class=\"wpb_wrapper\">\n\t<div class=\"wpb_text_column wpb_content_element\" >\n\t\t<div class=\"wpb_wrapper\">\n\t\t\t<p><span style=\"font-weight: 400;\">Relationships come with their own set of challenges, and couples therapy can be the key to resolving conflicts and strengthening your bond. At Inspira Psikoloji, we provide a safe and supportive space for couples to navigate their relationship dynamics.<\/span><\/p>\n<p><span style=\"font-weight: 400;\">Through evidence-based approaches, we empower you to rebuild trust, resolve issues, and foster a deeper connection with your partner. We work together on various aspects, including enhancing communication skills, collaboratively addressing challenges for constructive solutions, rediscovering joy and emotional connection, and building a strong foundation by exploring shared values, goals, and aspirations.<\/span><\/p>\n<p><span style=\"font-weight: 400;\">In the realm of couples therapy, our focus extends beyond problem-solving. We provide practical tools to help you both express yourselves more effectively and truly hear each other. It's a collaborative process that aims to improve your ability to overcome challenges together.<\/span><\/p>\n<p><span style=\"font-weight: 400;\">Whether you are facing specific issues or simply wish to enhance your connection, couples therapy at Inspira Psikoloji is a supportive and non-judgmental space.<\/span><\/p>\n\n\t\t<\/div>\n\t<\/div>\n<\/div><\/div><\/div><\/div>","protected":false},"excerpt":{"rendered":"\u0130li\u015fkiler baz\u0131 zorluklar\u0131 beraberinde getirebilir ve \u00e7ift terapisi, \u00e7at\u0131\u015fmalar\u0131 \u00e7\u00f6zmenin, ileti\u015fimi geli\u015ftirmenin ve aran\u0131zdaki ba\u011f\u0131 g\u00fc\u00e7lendirmenin anahtar\u0131 olabilir. Inspira Psikoloji'de \u00e7iftlerin ili\u015fki dinamiklerini ele alabilecekleri g\u00fcvenli ve destekleyici bir alan sa\u011fl\u0131yoruz. \u00c7ift terapisi, kan\u0131ta dayal\u0131 yakla\u015f\u0131mlar arac\u0131l\u0131\u011f\u0131yla g\u00fcveni yeniden in\u015fa etmeye, sorunlar\u0131 \u00e7\u00f6zmeye ve partnerinizle daha derin bir ba\u011f kurman\u0131za olanak sa\u011flar. \u0130nspira Psikoloji\u2019de ileti\u015fim...<div class=\"[...]\"><a href=\"https:\/\/inspirapsikoloji.com\/en\/couples-therapy\/\">Read More<\/a><\/div>","protected":false},"author":1,"featured_media":0,"parent":0,"menu_order":0,"comment_status":"closed","ping_status":"closed","template":"","meta":{"footnotes":""},"class_list":["post-780","page","type-page","status-publish","hentry"],"yoast_head":"<!-- This site is optimized with the Yoast SEO plugin v22.2 - https:\/\/yoast.com\/wordpress\/plugins\/seo\/ -->\n<title>\u00c7ift Terapisi - \u0130nspira Psikoloji<\/title>\n<meta name=\"description\" content=\"\u0130nspira Psikoloji\u2019de \u00e7iftlerin ili\u015fki dinamiklerini ele alabilecekleri g\u00fcvenli ve destekleyici bir alan sa\u011fl\u0131yoruz.\" \/>\n<meta name=\"robots\" content=\"index, follow, max-snippet:-1, max-image-preview:large, max-video-preview:-1\" \/>\n<link rel=\"canonical\" href=\"https:\/\/inspirapsikoloji.com\/en\/couples-therapy\/\" \/>\n<meta property=\"og:locale\" content=\"en_US\" \/>\n<meta property=\"og:type\" content=\"article\" \/>\n<meta property=\"og:title\" content=\"\u00c7ift Terapisi - \u0130nspira Psikoloji\" \/>\n<meta property=\"og:description\" content=\"\u0130nspira Psikoloji\u2019de \u00e7iftlerin ili\u015fki dinamiklerini ele alabilecekleri g\u00fcvenli ve destekleyici bir alan sa\u011fl\u0131yoruz.\" \/>\n<meta property=\"og:url\" content=\"https:\/\/inspirapsikoloji.com\/en\/couples-therapy\/\" \/>\n<meta property=\"og:site_name\" content=\"\u0130nspira Psikoloji\" \/>\n<meta property=\"article:modified_time\" content=\"2024-04-24T09:58:24+00:00\" \/>\n<meta name=\"twitter:card\" content=\"summary_large_image\" \/>\n<meta name=\"twitter:label1\" content=\"Est. reading time\" \/>\n\t<meta name=\"twitter:data1\" content=\"2 minutes\" \/>\n<script type=\"application\/ld+json\" class=\"yoast-schema-graph\">{\"@context\":\"https:\/\/schema.org\",\"@graph\":[{\"@type\":\"WebPage\",\"@id\":\"https:\/\/inspirapsikoloji.com\/cift-terapisi\/\",\"url\":\"https:\/\/inspirapsikoloji.com\/cift-terapisi\/\",\"name\":\"\u00c7ift Terapisi - \u0130nspira Psikoloji\",\"isPartOf\":{\"@id\":\"https:\/\/inspirapsikoloji.com\/#website\"},\"datePublished\":\"2023-12-14T21:04:07+00:00\",\"dateModified\":\"2024-04-24T09:58:24+00:00\",\"description\":\"\u0130nspira Psikoloji\u2019de \u00e7iftlerin ili\u015fki dinamiklerini ele alabilecekleri g\u00fcvenli ve destekleyici bir alan sa\u011fl\u0131yoruz.\",\"breadcrumb\":{\"@id\":\"https:\/\/inspirapsikoloji.com\/cift-terapisi\/#breadcrumb\"},\"inLanguage\":\"en-US\",\"potentialAction\":[{\"@type\":\"ReadAction\",\"target\":[\"https:\/\/inspirapsikoloji.com\/cift-terapisi\/\"]}]},{\"@type\":\"BreadcrumbList\",\"@id\":\"https:\/\/inspirapsikoloji.com\/cift-terapisi\/#breadcrumb\",\"itemListElement\":[{\"@type\":\"ListItem\",\"position\":1,\"name\":\"Anasayfa\",\"item\":\"https:\/\/inspirapsikoloji.com\/\"},{\"@type\":\"ListItem\",\"position\":2,\"name\":\"\u00c7ift Terapisi\"}]},{\"@type\":\"WebSite\",\"@id\":\"https:\/\/inspirapsikoloji.com\/#website\",\"url\":\"https:\/\/inspirapsikoloji.com\/\",\"name\":\"\u0130nspira Psikoloji\",\"description\":\"\",\"publisher\":{\"@id\":\"https:\/\/inspirapsikoloji.com\/#organization\"},\"potentialAction\":[{\"@type\":\"SearchAction\",\"target\":{\"@type\":\"EntryPoint\",\"urlTemplate\":\"https:\/\/inspirapsikoloji.com\/?s={search_term_string}\"},\"query-input\":\"required name=search_term_string\"}],\"inLanguage\":\"en-US\"},{\"@type\":\"Organization\",\"@id\":\"https:\/\/inspirapsikoloji.com\/#organization\",\"name\":\"\u0130nspira Psikoloji\",\"url\":\"https:\/\/inspirapsikoloji.com\/\",\"logo\":{\"@type\":\"ImageObject\",\"inLanguage\":\"en-US\",\"@id\":\"https:\/\/inspirapsikoloji.com\/#\/schema\/logo\/image\/\",\"url\":\"http:\/\/inspirapsikoloji.com\/wp-content\/uploads\/2024\/03\/inspira-psikoloji-logo-.png\",\"contentUrl\":\"http:\/\/inspirapsikoloji.com\/wp-content\/uploads\/2024\/03\/inspira-psikoloji-logo-.png\",\"width\":789,\"height\":316,\"caption\":\"\u0130nspira Psikoloji\"},\"image\":{\"@id\":\"https:\/\/inspirapsikoloji.com\/#\/schema\/logo\/image\/\"}}]}<\/script>\n<!-- \/ Yoast SEO plugin. -->","yoast_head_json":{"title":"\u00c7ift Terapisi - \u0130nspira Psikoloji","description":"\u0130nspira Psikoloji\u2019de \u00e7iftlerin ili\u015fki dinamiklerini ele alabilecekleri g\u00fcvenli ve destekleyici bir alan sa\u011fl\u0131yoruz.","robots":{"index":"index","follow":"follow","max-snippet":"max-snippet:-1","max-image-preview":"max-image-preview:large","max-video-preview":"max-video-preview:-1"},"canonical":"https:\/\/inspirapsikoloji.com\/en\/couples-therapy\/","og_locale":"en_US","og_type":"article","og_title":"\u00c7ift Terapisi - \u0130nspira Psikoloji","og_description":"\u0130nspira Psikoloji\u2019de \u00e7iftlerin ili\u015fki dinamiklerini ele alabilecekleri g\u00fcvenli ve destekleyici bir alan sa\u011fl\u0131yoruz.","og_url":"https:\/\/inspirapsikoloji.com\/en\/couples-therapy\/","og_site_name":"\u0130nspira Psikoloji","article_modified_time":"2024-04-24T09:58:24+00:00","twitter_card":"summary_large_image","twitter_misc":{"Est. reading time":"2 minutes"},"schema":{"@context":"https:\/\/schema.org","@graph":[{"@type":"WebPage","@id":"https:\/\/inspirapsikoloji.com\/cift-terapisi\/","url":"https:\/\/inspirapsikoloji.com\/cift-terapisi\/","name":"\u00c7ift Terapisi - \u0130nspira Psikoloji","isPartOf":{"@id":"https:\/\/inspirapsikoloji.com\/#website"},"datePublished":"2023-12-14T21:04:07+00:00","dateModified":"2024-04-24T09:58:24+00:00","description":"\u0130nspira Psikoloji\u2019de \u00e7iftlerin ili\u015fki dinamiklerini ele alabilecekleri g\u00fcvenli ve destekleyici bir alan sa\u011fl\u0131yoruz.","breadcrumb":{"@id":"https:\/\/inspirapsikoloji.com\/cift-terapisi\/#breadcrumb"},"inLanguage":"en-US","potentialAction":[{"@type":"ReadAction","target":["https:\/\/inspirapsikoloji.com\/cift-terapisi\/"]}]},{"@type":"BreadcrumbList","@id":"https:\/\/inspirapsikoloji.com\/cift-terapisi\/#breadcrumb","itemListElement":[{"@type":"ListItem","position":1,"name":"Anasayfa","item":"https:\/\/inspirapsikoloji.com\/"},{"@type":"ListItem","position":2,"name":"\u00c7ift Terapisi"}]},{"@type":"WebSite","@id":"https:\/\/inspirapsikoloji.com\/#website","url":"https:\/\/inspirapsikoloji.com\/","name":"\u0130nspira Psikoloji","description":"","publisher":{"@id":"https:\/\/inspirapsikoloji.com\/#organization"},"potentialAction":[{"@type":"SearchAction","target":{"@type":"EntryPoint","urlTemplate":"https:\/\/inspirapsikoloji.com\/?s={search_term_string}"},"query-input":"required name=search_term_string"}],"inLanguage":"en-US"},{"@type":"Organization","@id":"https:\/\/inspirapsikoloji.com\/#organization","name":"\u0130nspira Psikoloji","url":"https:\/\/inspirapsikoloji.com\/","logo":{"@type":"ImageObject","inLanguage":"en-US","@id":"https:\/\/inspirapsikoloji.com\/#\/schema\/logo\/image\/","url":"http:\/\/inspirapsikoloji.com\/wp-content\/uploads\/2024\/03\/inspira-psikoloji-logo-.png","contentUrl":"http:\/\/inspirapsikoloji.com\/wp-content\/uploads\/2024\/03\/inspira-psikoloji-logo-.png","width":789,"height":316,"caption":"\u0130nspira Psikoloji"},"image":{"@id":"https:\/\/inspirapsikoloji.com\/#\/schema\/logo\/image\/"}}]}},"_links":{"self":[{"href":"https:\/\/inspirapsikoloji.com\/en\/wp-json\/wp\/v2\/pages\/780","targetHints":{"allow":["GET"]}}],"collection":[{"href":"https:\/\/inspirapsikoloji.com\/en\/wp-json\/wp\/v2\/pages"}],"about":[{"href":"https:\/\/inspirapsikoloji.com\/en\/wp-json\/wp\/v2\/types\/page"}],"author":[{"embeddable":true,"href":"https:\/\/inspirapsikoloji.com\/en\/wp-json\/wp\/v2\/users\/1"}],"replies":[{"embeddable":true,"href":"https:\/\/inspirapsikoloji.com\/en\/wp-json\/wp\/v2\/comments?post=780"}],"version-history":[{"count":8,"href":"https:\/\/inspirapsikoloji.com\/en\/wp-json\/wp\/v2\/pages\/780\/revisions"}],"predecessor-version":[{"id":1053,"href":"https:\/\/inspirapsikoloji.com\/en\/wp-json\/wp\/v2\/pages\/780\/revisions\/1053"}],"wp:attachment":[{"href":"https:\/\/inspirapsikoloji.com\/en\/wp-json\/wp\/v2\/media?parent=780"}],"curies":[{"name":"wp","href":"https:\/\/api.w.org\/{rel}","templated":true}]}}