{"id":778,"date":"2023-12-15T00:03:53","date_gmt":"2023-12-14T21:03:53","guid":{"rendered":"http:\/\/inspirapsikoloji.com\/?page_id=778"},"modified":"2024-09-24T10:50:14","modified_gmt":"2024-09-24T07:50:14","slug":"calisan-destek-programi-cdp","status":"publish","type":"page","link":"https:\/\/inspirapsikoloji.com\/en\/employee-assistance-program-eap-2\/","title":{"rendered":"Employee Assistance Program (EAP)"},"content":{"rendered":"<div class=\"vc_row wpb_row vc_row-fluid\"><div class=\"wpb_column vc_column_container vc_col-sm-6\"><div class=\"vc_column-inner\"><div class=\"wpb_wrapper\">\n\t<div  class=\"wpb_single_image wpb_content_element vc_align_center\">\n\t\t\n\t\t<figure class=\"wpb_wrapper vc_figure\">\n\t\t\t<div class=\"vc_single_image-wrapper   vc_box_border_grey\"><img loading=\"lazy\" decoding=\"async\" width=\"640\" height=\"960\" src=\"https:\/\/inspirapsikoloji.com\/wp-content\/uploads\/2024\/06\/agefis-qh-mar1Tzo8-unsplash-1-683x1024.jpg\" class=\"vc_single_image-img attachment-large\" alt=\"\" srcset=\"https:\/\/inspirapsikoloji.com\/wp-content\/uploads\/2024\/06\/agefis-qh-mar1Tzo8-unsplash-1-683x1024.jpg 683w, https:\/\/inspirapsikoloji.com\/wp-content\/uploads\/2024\/06\/agefis-qh-mar1Tzo8-unsplash-1-200x300.jpg 200w, https:\/\/inspirapsikoloji.com\/wp-content\/uploads\/2024\/06\/agefis-qh-mar1Tzo8-unsplash-1-768x1152.jpg 768w, https:\/\/inspirapsikoloji.com\/wp-content\/uploads\/2024\/06\/agefis-qh-mar1Tzo8-unsplash-1-1024x1536.jpg 1024w, https:\/\/inspirapsikoloji.com\/wp-content\/uploads\/2024\/06\/agefis-qh-mar1Tzo8-unsplash-1-1365x2048.jpg 1365w, https:\/\/inspirapsikoloji.com\/wp-content\/uploads\/2024\/06\/agefis-qh-mar1Tzo8-unsplash-1-333x500.jpg 333w, https:\/\/inspirapsikoloji.com\/wp-content\/uploads\/2024\/06\/agefis-qh-mar1Tzo8-unsplash-1-1067x1600.jpg 1067w, https:\/\/inspirapsikoloji.com\/wp-content\/uploads\/2024\/06\/agefis-qh-mar1Tzo8-unsplash-1-scaled.jpg 1707w\" sizes=\"auto, (max-width: 640px) 100vw, 640px\" \/><\/div>\n\t\t<\/figure>\n\t<\/div>\n\n\t<div class=\"wpb_text_column wpb_content_element\" >\n\t\t<div class=\"wpb_wrapper\">\n\t\t\t\n\t\t<\/div>\n\t<\/div>\n<\/div><\/div><\/div><div class=\"wpb_column vc_column_container vc_col-sm-6\"><div class=\"vc_column-inner\"><div class=\"wpb_wrapper\">\n\t<div class=\"wpb_text_column wpb_content_element\" >\n\t\t<div class=\"wpb_wrapper\">\n\t\t\t<h5>What is EAP?<\/h5>\n<p>An Employee Assistance Program (EAP) is a workplace service designed to support employees' mental, emotional, and professional wellbeing. EAPs offer confidential counseling, crisis intervention, and a range of other resources to help employees manage personal and work-related challenges. By addressing issues such as stress, anxiety, depression, substance abuse, and work-life balance, EAPs contribute to a healthier, more productive workforce.<\/p>\n<p>At Inspira, we understand that the mental and emotional wellbeing of your employees is vital to the success of your business and as a trusted provider of Employee Assistance Programs, we offer professional support to employees and their families.<\/p>\n<p>Our EAP services are designed to help individuals address personal and workplace challenges. We collaborate with organizations to enhance employee well-being and foster a healthier, more productive work environment. With our EAP services, you can enhance employee satisfaction, productivity, and overall workplace harmony.<\/p>\n\n\t\t<\/div>\n\t<\/div>\n<\/div><\/div><\/div><\/div><div class=\"vc_row wpb_row vc_row-fluid\"><div class=\"wpb_column vc_column_container vc_col-sm-12\"><div class=\"vc_column-inner\"><div class=\"wpb_wrapper\">\n\t<div class=\"wpb_text_column wpb_content_element\" >\n\t\t<div class=\"wpb_wrapper\">\n\t\t\t<h5>Key Benefits of our EAP Services:<\/h5>\n<ul>\n<li><strong>Stress Management:<\/strong> We assist employees in managing stress, improving work-life balance, and developing effective coping strategies.<\/li>\n<li><strong>Conflict Resolution<\/strong>: Our services can help resolve workplace conflicts, enhance communication, and improve team dynamics.<\/li>\n<li><strong>Mental Health Support<\/strong>: We offer counseling for issues like anxiety, depression, and burnout, ensuring your employees receive the help they need to maintain their well-being.<\/li>\n<li><strong>Crisis Intervention<\/strong>: In times of critical incidents, we offer crisis intervention to provide immediate support and guidance to your employees.<\/li>\n<li><strong>Kurumsal E\u011fitim ve Seminerler:<\/strong> Stres, anksiyete, t\u00fckenmi\u015flik, ileti\u015fim becerileri ve daha bir\u00e7ok alanda e\u011fitimler d\u00fczenliyoruz.<\/li>\n<\/ul>\n<p>&nbsp;<\/p>\n<h5><strong>Why You Should Work with Us:<\/strong><\/h5>\n<p>&nbsp;<\/p>\n<p><strong>1. Proven Performance<\/strong><\/p>\n<p>Inspira has a successful track record of partnering with companies across a variety of sectors. Our long-standing relationships with leading institutions in Istanbul and beyond demonstrate our expertise in providing effective corporate counseling services.<\/p>\n<p><strong>2. Customized Solutions<\/strong><\/p>\n<p>We recognize that every company is unique. At Inspira, we offer corporate counseling services designed to meet the specific challenges your company faces and your corporate goals. We develop flexible approaches to ensure that your employees receive the most effective support.<\/p>\n<p><strong>3. Confidential and Professional Support<\/strong><\/p>\n<p>Employee trust is very valuable to us; therefore, we attach great importance to confidentiality. We adhere to the highest confidentiality and ethical standards in all processes.<\/p>\n<p><strong>4. Bilingual and Culturally Sensitive Approach<\/strong><\/p>\n<p>Language and cultural awareness are of great importance in today's work environments. Inspira offers corporate counseling services in both Turkish and English and adopts a culturally sensitive approach, providing effective support for all employees.<\/p>\n<p><strong>5. Global Reach<\/strong><\/p>\n<p>While our center is located in Istanbul, we work with many companies worldwide. You can benefit from our local expertise to meet the needs specific to our region and our global EAP services in many different regions of the world.<\/p>\n\n\t\t<\/div>\n\t<\/div>\n<\/div><\/div><\/div><\/div>","protected":false},"excerpt":{"rendered":"\u00c7DP Nedir? \u00c7DP, \u00e7al\u0131\u015fanlar\u0131n zihinsel, duygusal ve profesyonel iyi olu\u015funu desteklemek i\u00e7in tasarlanm\u0131\u015f ve i\u015f yerlerinde verilen bir hizmettir. \u00c7DP hizmetlerinden kurumsal dan\u0131\u015fmanl\u0131k olarak da s\u00f6z edebiliriz. \u00c7al\u0131\u015fanlar\u0131n ki\u015fisel ve i\u015fle ilgili zorluklar\u0131 y\u00f6netmelerine yard\u0131mc\u0131 olmak i\u00e7in gizlilik ilkelerine dayal\u0131 dan\u0131\u015fmanl\u0131k, krize m\u00fcdahale ve bir\u00e7ok farkl\u0131 kaynak sunar; stres, kayg\u0131, depresyon, madde ba\u011f\u0131ml\u0131l\u0131\u011f\u0131 ve i\u015f-ya\u015fam...<div class=\"[...]\"><a href=\"https:\/\/inspirapsikoloji.com\/en\/employee-assistance-program-eap-2\/\">Read More<\/a><\/div>","protected":false},"author":1,"featured_media":0,"parent":0,"menu_order":0,"comment_status":"closed","ping_status":"closed","template":"","meta":{"footnotes":""},"class_list":["post-778","page","type-page","status-publish","hentry"],"yoast_head":"<!-- This site is optimized with the Yoast SEO plugin v22.2 - https:\/\/yoast.com\/wordpress\/plugins\/seo\/ -->\n<title>\u00c7al\u0131\u015fan Destek Program\u0131 (\u00c7DP) - \u0130nspira Psikoloji<\/title>\n<meta name=\"description\" content=\"\u00c7al\u0131\u015fan Destek Programlar\u0131 konusunda g\u00fcvenilir bir sa\u011flay\u0131c\u0131 olarak, \u00e7al\u0131\u015fanlara ve ailelerine gizlili\u011fe dayal\u0131 dan\u0131\u015fmanl\u0131k hizmetleri sunuyoruz.\" \/>\n<meta name=\"robots\" content=\"index, follow, max-snippet:-1, max-image-preview:large, max-video-preview:-1\" \/>\n<link rel=\"canonical\" href=\"https:\/\/inspirapsikoloji.com\/en\/employee-assistance-program-eap-2\/\" \/>\n<meta property=\"og:locale\" content=\"en_US\" \/>\n<meta property=\"og:type\" content=\"article\" \/>\n<meta property=\"og:title\" content=\"\u00c7al\u0131\u015fan Destek Program\u0131 (\u00c7DP) - \u0130nspira Psikoloji\" \/>\n<meta property=\"og:description\" content=\"\u00c7al\u0131\u015fan Destek Programlar\u0131 konusunda g\u00fcvenilir bir sa\u011flay\u0131c\u0131 olarak, \u00e7al\u0131\u015fanlara ve ailelerine gizlili\u011fe dayal\u0131 dan\u0131\u015fmanl\u0131k hizmetleri sunuyoruz.\" \/>\n<meta property=\"og:url\" content=\"https:\/\/inspirapsikoloji.com\/en\/employee-assistance-program-eap-2\/\" \/>\n<meta property=\"og:site_name\" content=\"\u0130nspira Psikoloji\" \/>\n<meta property=\"article:modified_time\" content=\"2024-09-24T07:50:14+00:00\" \/>\n<meta name=\"twitter:card\" content=\"summary_large_image\" \/>\n<meta name=\"twitter:label1\" content=\"Est. reading time\" \/>\n\t<meta name=\"twitter:data1\" content=\"2 minutes\" \/>\n<script type=\"application\/ld+json\" class=\"yoast-schema-graph\">{\"@context\":\"https:\/\/schema.org\",\"@graph\":[{\"@type\":\"WebPage\",\"@id\":\"https:\/\/inspirapsikoloji.com\/calisan-destek-programi-cdp\/\",\"url\":\"https:\/\/inspirapsikoloji.com\/calisan-destek-programi-cdp\/\",\"name\":\"\u00c7al\u0131\u015fan Destek Program\u0131 (\u00c7DP) - \u0130nspira Psikoloji\",\"isPartOf\":{\"@id\":\"https:\/\/inspirapsikoloji.com\/#website\"},\"datePublished\":\"2023-12-14T21:03:53+00:00\",\"dateModified\":\"2024-09-24T07:50:14+00:00\",\"description\":\"\u00c7al\u0131\u015fan Destek Programlar\u0131 konusunda g\u00fcvenilir bir sa\u011flay\u0131c\u0131 olarak, \u00e7al\u0131\u015fanlara ve ailelerine gizlili\u011fe dayal\u0131 dan\u0131\u015fmanl\u0131k hizmetleri sunuyoruz.\",\"breadcrumb\":{\"@id\":\"https:\/\/inspirapsikoloji.com\/calisan-destek-programi-cdp\/#breadcrumb\"},\"inLanguage\":\"en-US\",\"potentialAction\":[{\"@type\":\"ReadAction\",\"target\":[\"https:\/\/inspirapsikoloji.com\/calisan-destek-programi-cdp\/\"]}]},{\"@type\":\"BreadcrumbList\",\"@id\":\"https:\/\/inspirapsikoloji.com\/calisan-destek-programi-cdp\/#breadcrumb\",\"itemListElement\":[{\"@type\":\"ListItem\",\"position\":1,\"name\":\"Anasayfa\",\"item\":\"https:\/\/inspirapsikoloji.com\/\"},{\"@type\":\"ListItem\",\"position\":2,\"name\":\"\u00c7al\u0131\u015fan Destek Program\u0131 (\u00c7DP)\"}]},{\"@type\":\"WebSite\",\"@id\":\"https:\/\/inspirapsikoloji.com\/#website\",\"url\":\"https:\/\/inspirapsikoloji.com\/\",\"name\":\"\u0130nspira Psikoloji\",\"description\":\"\",\"publisher\":{\"@id\":\"https:\/\/inspirapsikoloji.com\/#organization\"},\"potentialAction\":[{\"@type\":\"SearchAction\",\"target\":{\"@type\":\"EntryPoint\",\"urlTemplate\":\"https:\/\/inspirapsikoloji.com\/?s={search_term_string}\"},\"query-input\":\"required name=search_term_string\"}],\"inLanguage\":\"en-US\"},{\"@type\":\"Organization\",\"@id\":\"https:\/\/inspirapsikoloji.com\/#organization\",\"name\":\"\u0130nspira Psikoloji\",\"url\":\"https:\/\/inspirapsikoloji.com\/\",\"logo\":{\"@type\":\"ImageObject\",\"inLanguage\":\"en-US\",\"@id\":\"https:\/\/inspirapsikoloji.com\/#\/schema\/logo\/image\/\",\"url\":\"http:\/\/inspirapsikoloji.com\/wp-content\/uploads\/2024\/03\/inspira-psikoloji-logo-.png\",\"contentUrl\":\"http:\/\/inspirapsikoloji.com\/wp-content\/uploads\/2024\/03\/inspira-psikoloji-logo-.png\",\"width\":789,\"height\":316,\"caption\":\"\u0130nspira Psikoloji\"},\"image\":{\"@id\":\"https:\/\/inspirapsikoloji.com\/#\/schema\/logo\/image\/\"}}]}<\/script>\n<!-- \/ Yoast SEO plugin. -->","yoast_head_json":{"title":"\u00c7al\u0131\u015fan Destek Program\u0131 (\u00c7DP) - \u0130nspira Psikoloji","description":"\u00c7al\u0131\u015fan Destek Programlar\u0131 konusunda g\u00fcvenilir bir sa\u011flay\u0131c\u0131 olarak, \u00e7al\u0131\u015fanlara ve ailelerine gizlili\u011fe dayal\u0131 dan\u0131\u015fmanl\u0131k hizmetleri sunuyoruz.","robots":{"index":"index","follow":"follow","max-snippet":"max-snippet:-1","max-image-preview":"max-image-preview:large","max-video-preview":"max-video-preview:-1"},"canonical":"https:\/\/inspirapsikoloji.com\/en\/employee-assistance-program-eap-2\/","og_locale":"en_US","og_type":"article","og_title":"\u00c7al\u0131\u015fan Destek Program\u0131 (\u00c7DP) - \u0130nspira Psikoloji","og_description":"\u00c7al\u0131\u015fan Destek Programlar\u0131 konusunda g\u00fcvenilir bir sa\u011flay\u0131c\u0131 olarak, \u00e7al\u0131\u015fanlara ve ailelerine gizlili\u011fe dayal\u0131 dan\u0131\u015fmanl\u0131k hizmetleri sunuyoruz.","og_url":"https:\/\/inspirapsikoloji.com\/en\/employee-assistance-program-eap-2\/","og_site_name":"\u0130nspira Psikoloji","article_modified_time":"2024-09-24T07:50:14+00:00","twitter_card":"summary_large_image","twitter_misc":{"Est. reading time":"2 minutes"},"schema":{"@context":"https:\/\/schema.org","@graph":[{"@type":"WebPage","@id":"https:\/\/inspirapsikoloji.com\/calisan-destek-programi-cdp\/","url":"https:\/\/inspirapsikoloji.com\/calisan-destek-programi-cdp\/","name":"\u00c7al\u0131\u015fan Destek Program\u0131 (\u00c7DP) - \u0130nspira Psikoloji","isPartOf":{"@id":"https:\/\/inspirapsikoloji.com\/#website"},"datePublished":"2023-12-14T21:03:53+00:00","dateModified":"2024-09-24T07:50:14+00:00","description":"\u00c7al\u0131\u015fan Destek Programlar\u0131 konusunda g\u00fcvenilir bir sa\u011flay\u0131c\u0131 olarak, \u00e7al\u0131\u015fanlara ve ailelerine gizlili\u011fe dayal\u0131 dan\u0131\u015fmanl\u0131k hizmetleri sunuyoruz.","breadcrumb":{"@id":"https:\/\/inspirapsikoloji.com\/calisan-destek-programi-cdp\/#breadcrumb"},"inLanguage":"en-US","potentialAction":[{"@type":"ReadAction","target":["https:\/\/inspirapsikoloji.com\/calisan-destek-programi-cdp\/"]}]},{"@type":"BreadcrumbList","@id":"https:\/\/inspirapsikoloji.com\/calisan-destek-programi-cdp\/#breadcrumb","itemListElement":[{"@type":"ListItem","position":1,"name":"Anasayfa","item":"https:\/\/inspirapsikoloji.com\/"},{"@type":"ListItem","position":2,"name":"\u00c7al\u0131\u015fan Destek Program\u0131 (\u00c7DP)"}]},{"@type":"WebSite","@id":"https:\/\/inspirapsikoloji.com\/#website","url":"https:\/\/inspirapsikoloji.com\/","name":"\u0130nspira Psikoloji","description":"","publisher":{"@id":"https:\/\/inspirapsikoloji.com\/#organization"},"potentialAction":[{"@type":"SearchAction","target":{"@type":"EntryPoint","urlTemplate":"https:\/\/inspirapsikoloji.com\/?s={search_term_string}"},"query-input":"required name=search_term_string"}],"inLanguage":"en-US"},{"@type":"Organization","@id":"https:\/\/inspirapsikoloji.com\/#organization","name":"\u0130nspira Psikoloji","url":"https:\/\/inspirapsikoloji.com\/","logo":{"@type":"ImageObject","inLanguage":"en-US","@id":"https:\/\/inspirapsikoloji.com\/#\/schema\/logo\/image\/","url":"http:\/\/inspirapsikoloji.com\/wp-content\/uploads\/2024\/03\/inspira-psikoloji-logo-.png","contentUrl":"http:\/\/inspirapsikoloji.com\/wp-content\/uploads\/2024\/03\/inspira-psikoloji-logo-.png","width":789,"height":316,"caption":"\u0130nspira Psikoloji"},"image":{"@id":"https:\/\/inspirapsikoloji.com\/#\/schema\/logo\/image\/"}}]}},"_links":{"self":[{"href":"https:\/\/inspirapsikoloji.com\/en\/wp-json\/wp\/v2\/pages\/778","targetHints":{"allow":["GET"]}}],"collection":[{"href":"https:\/\/inspirapsikoloji.com\/en\/wp-json\/wp\/v2\/pages"}],"about":[{"href":"https:\/\/inspirapsikoloji.com\/en\/wp-json\/wp\/v2\/types\/page"}],"author":[{"embeddable":true,"href":"https:\/\/inspirapsikoloji.com\/en\/wp-json\/wp\/v2\/users\/1"}],"replies":[{"embeddable":true,"href":"https:\/\/inspirapsikoloji.com\/en\/wp-json\/wp\/v2\/comments?post=778"}],"version-history":[{"count":8,"href":"https:\/\/inspirapsikoloji.com\/en\/wp-json\/wp\/v2\/pages\/778\/revisions"}],"predecessor-version":[{"id":1064,"href":"https:\/\/inspirapsikoloji.com\/en\/wp-json\/wp\/v2\/pages\/778\/revisions\/1064"}],"wp:attachment":[{"href":"https:\/\/inspirapsikoloji.com\/en\/wp-json\/wp\/v2\/media?parent=778"}],"curies":[{"name":"wp","href":"https:\/\/api.w.org\/{rel}","templated":true}]}}