{"id":774,"date":"2023-12-15T00:03:24","date_gmt":"2023-12-14T21:03:24","guid":{"rendered":"http:\/\/inspirapsikoloji.com\/?page_id=774"},"modified":"2024-09-24T11:58:13","modified_gmt":"2024-09-24T08:58:13","slug":"bireysel-terapi","status":"publish","type":"page","link":"https:\/\/inspirapsikoloji.com\/en\/individual-therapy\/","title":{"rendered":"Individual Therapy"},"content":{"rendered":"<div class=\"vc_row wpb_row vc_row-fluid\"><div class=\"wpb_column vc_column_container vc_col-sm-6\"><div class=\"vc_column-inner\"><div class=\"wpb_wrapper\">\n\t<div  class=\"wpb_single_image wpb_content_element vc_align_center\">\n\t\t\n\t\t<figure class=\"wpb_wrapper vc_figure\">\n\t\t\t<div class=\"vc_single_image-wrapper   vc_box_border_grey\"><img loading=\"lazy\" decoding=\"async\" width=\"640\" height=\"480\" src=\"https:\/\/inspirapsikoloji.com\/wp-content\/uploads\/2024\/01\/IMG_1802-1024x768.jpeg\" class=\"vc_single_image-img attachment-large\" alt=\"\" srcset=\"https:\/\/inspirapsikoloji.com\/wp-content\/uploads\/2024\/01\/IMG_1802-1024x768.jpeg 1024w, https:\/\/inspirapsikoloji.com\/wp-content\/uploads\/2024\/01\/IMG_1802-300x225.jpeg 300w, https:\/\/inspirapsikoloji.com\/wp-content\/uploads\/2024\/01\/IMG_1802-768x576.jpeg 768w, https:\/\/inspirapsikoloji.com\/wp-content\/uploads\/2024\/01\/IMG_1802-1536x1152.jpeg 1536w, https:\/\/inspirapsikoloji.com\/wp-content\/uploads\/2024\/01\/IMG_1802-2048x1536.jpeg 2048w, https:\/\/inspirapsikoloji.com\/wp-content\/uploads\/2024\/01\/IMG_1802-500x375.jpeg 500w, https:\/\/inspirapsikoloji.com\/wp-content\/uploads\/2024\/01\/IMG_1802-1600x1200.jpeg 1600w\" sizes=\"auto, (max-width: 640px) 100vw, 640px\" \/><\/div>\n\t\t<\/figure>\n\t<\/div>\n<\/div><\/div><\/div><div class=\"wpb_column vc_column_container vc_col-sm-6\"><div class=\"vc_column-inner\"><div class=\"wpb_wrapper\">\n\t<div class=\"wpb_text_column wpb_content_element\" >\n\t\t<div class=\"wpb_wrapper\">\n\t\t\t<p><span style=\"font-weight: 400;\">Individual therapy is a collaborative and confidential process that provides individuals with a dedicated space to explore and understand their thoughts, emotions, and behaviors and navigate various aspects of their lives. This therapeutic process involves a collaborative assessment and goal-setting phase where current challenges are identified.<\/span><\/p>\n<p><span style=\"font-weight: 400;\">It offers an opportunity for self-reflection and insight, helping individuals gain a clearer understanding of themselves and their life circumstances. People often benefit from individual therapy by developing coping strategies, enhancing self-awareness, and gaining the tools to overcome life's challenges.<\/span><\/p>\n\n\t\t<\/div>\n\t<\/div>\n<\/div><\/div><\/div><div class=\"wpb_column vc_column_container vc_col-sm-12\"><div class=\"vc_column-inner\"><div class=\"wpb_wrapper\">\n\t<div class=\"wpb_text_column wpb_content_element\" >\n\t\t<div class=\"wpb_wrapper\">\n\t\t\t<p><span style=\"font-weight: 400;\">Within the therapeutic process, behavioral changes and skill-building activities play an important role, constituting key components that contribute to positive transformations in individuals. A thorough examination of relationships and interpersonal dynamics also takes place in individual therapy, allowing for an exploration of communication patterns and the establishment of strategies to enhance connections with others. This aspect of therapy facilitates a deeper understanding of how relational dynamics impact well-being and offers tools to explore and improve these connections. <\/span><span style=\"font-weight: 400;\">In addition to behavioral and relational aspects, psychoeducation is a valuable component of therapy that provides individuals with insights into various aspects of mental health.\u00a0<\/span><\/p>\n<p><span style=\"font-weight: 400;\">Our approach at Inspira Psikoloji goes beyond just addressing challenges; it's a complete journey that considers both struggles and strengths. Beyond troubleshooting problems, we delve into uncovering and amplifying your strengths, cultivating resilience and empowerment. Together, we work collaboratively towards meaningful goals, ensuring that the therapeutic process is not just about overcoming obstacles but also about building a path towards positive growth and the fulfillment of your aspirations.<\/span><span style=\"font-weight: 400;\">Our individual counseling services are carefully tailored to address your unique needs. Collaborating with individuals seeking support across various areas, we work to address a diverse array of concerns, such as<\/span><\/p>\n<ul>\n<li style=\"font-weight: 400;\" aria-level=\"1\"><span style=\"font-weight: 400;\">Generalized Anxiety Disorder<\/span><\/li>\n<li style=\"font-weight: 400;\" aria-level=\"1\"><span style=\"font-weight: 400;\">Social Anxiety Disorder<\/span><\/li>\n<li style=\"font-weight: 400;\" aria-level=\"1\"><span style=\"font-weight: 400;\">Panic Disorder<\/span><\/li>\n<li style=\"font-weight: 400;\" aria-level=\"1\"><span style=\"font-weight: 400;\">Specific Phobias<\/span><\/li>\n<li style=\"font-weight: 400;\" aria-level=\"1\"><span style=\"font-weight: 400;\">Stress Management<\/span><\/li>\n<li style=\"font-weight: 400;\" aria-level=\"1\"><span style=\"font-weight: 400;\">Obsessive-Compulsive Disorder<\/span><\/li>\n<li style=\"font-weight: 400;\" aria-level=\"1\"><span style=\"font-weight: 400;\">Depression and Mood Disorders<\/span><\/li>\n<li style=\"font-weight: 400;\" aria-level=\"1\"><span style=\"font-weight: 400;\">Relationship and Family Challenges<\/span><\/li>\n<li style=\"font-weight: 400;\" aria-level=\"1\"><span style=\"font-weight: 400;\">Sleep Issues<\/span><\/li>\n<\/ul>\n<p><span style=\"font-weight: 400;\">At Inspira Psikoloji, we offer therapy services in both English and Turkish. Whether you are an expat in Turkey or located elsewhere, we provide flexibility and accessibility with options for both online and face-to-face sessions.<\/span><\/p>\n\n\t\t<\/div>\n\t<\/div>\n<\/div><\/div><\/div><\/div>","protected":false},"excerpt":{"rendered":"Bireysel terapi bireylere d\u00fc\u015f\u00fcncelerini, duygular\u0131n\u0131 ve davran\u0131\u015flar\u0131n\u0131 incelemek ve anlamland\u0131rmak i\u00e7in alan sa\u011flayan, i\u015fbirli\u011fine ve gizlili\u011fe dayal\u0131 bir s\u00fcre\u00e7tir. Bu s\u00fcrecin, bireyin hayat\u0131n\u0131n bir\u00e7ok y\u00f6n\u00fcne rehberlik etmesi ama\u00e7lan\u0131r. Bu terap\u00f6tik s\u00fcre\u00e7te, ki\u015finin ya\u015fad\u0131\u011f\u0131 zorluklar\u0131n i\u015fbirli\u011fi ile belirlendi\u011fi bir de\u011ferlendirme ve hedef belirleme a\u015famas\u0131 yer al\u0131r. Bireysel terapi arac\u0131l\u0131\u011f\u0131yla ki\u015filer, kendilerini ve ya\u015fam ko\u015fullar\u0131n\u0131 daha net...<div class=\"[...]\"><a href=\"https:\/\/inspirapsikoloji.com\/en\/individual-therapy\/\">Read More<\/a><\/div>","protected":false},"author":1,"featured_media":0,"parent":0,"menu_order":0,"comment_status":"closed","ping_status":"closed","template":"","meta":{"footnotes":""},"class_list":["post-774","page","type-page","status-publish","hentry"],"yoast_head":"<!-- This site is optimized with the Yoast SEO plugin v22.2 - https:\/\/yoast.com\/wordpress\/plugins\/seo\/ -->\n<title>Bireysel Terapi - \u0130nspira Psikoloji<\/title>\n<meta name=\"description\" content=\"\u0130stanbul&#039;da ve di\u011fer il ya da \u00fclkelerde ya\u015fayan dan\u0131\u015fanlar\u0131m\u0131za hem y\u00fcz y\u00fcze hem de online terapi hizmetleri sunuyoruz. Detayl\u0131 bilgi i\u00e7in ileti\u015fime ge\u00e7ebilirsiniz.\" \/>\n<meta name=\"robots\" content=\"index, follow, max-snippet:-1, max-image-preview:large, max-video-preview:-1\" \/>\n<link rel=\"canonical\" href=\"https:\/\/inspirapsikoloji.com\/en\/individual-therapy\/\" \/>\n<meta property=\"og:locale\" content=\"en_US\" \/>\n<meta property=\"og:type\" content=\"article\" \/>\n<meta property=\"og:title\" content=\"Bireysel Terapi - \u0130nspira Psikoloji\" \/>\n<meta property=\"og:description\" content=\"\u0130stanbul&#039;da ve di\u011fer il ya da \u00fclkelerde ya\u015fayan dan\u0131\u015fanlar\u0131m\u0131za hem y\u00fcz y\u00fcze hem de online terapi hizmetleri sunuyoruz. Detayl\u0131 bilgi i\u00e7in ileti\u015fime ge\u00e7ebilirsiniz.\" \/>\n<meta property=\"og:url\" content=\"https:\/\/inspirapsikoloji.com\/en\/individual-therapy\/\" \/>\n<meta property=\"og:site_name\" content=\"\u0130nspira Psikoloji\" \/>\n<meta property=\"article:modified_time\" content=\"2024-09-24T08:58:13+00:00\" \/>\n<meta name=\"twitter:card\" content=\"summary_large_image\" \/>\n<meta name=\"twitter:label1\" content=\"Est. reading time\" \/>\n\t<meta name=\"twitter:data1\" content=\"2 minutes\" \/>\n<script type=\"application\/ld+json\" class=\"yoast-schema-graph\">{\"@context\":\"https:\/\/schema.org\",\"@graph\":[{\"@type\":\"WebPage\",\"@id\":\"https:\/\/inspirapsikoloji.com\/bireysel-terapi\/\",\"url\":\"https:\/\/inspirapsikoloji.com\/bireysel-terapi\/\",\"name\":\"Bireysel Terapi - \u0130nspira Psikoloji\",\"isPartOf\":{\"@id\":\"https:\/\/inspirapsikoloji.com\/#website\"},\"datePublished\":\"2023-12-14T21:03:24+00:00\",\"dateModified\":\"2024-09-24T08:58:13+00:00\",\"description\":\"\u0130stanbul'da ve di\u011fer il ya da \u00fclkelerde ya\u015fayan dan\u0131\u015fanlar\u0131m\u0131za hem y\u00fcz y\u00fcze hem de online terapi hizmetleri sunuyoruz. Detayl\u0131 bilgi i\u00e7in ileti\u015fime ge\u00e7ebilirsiniz.\",\"breadcrumb\":{\"@id\":\"https:\/\/inspirapsikoloji.com\/bireysel-terapi\/#breadcrumb\"},\"inLanguage\":\"en-US\",\"potentialAction\":[{\"@type\":\"ReadAction\",\"target\":[\"https:\/\/inspirapsikoloji.com\/bireysel-terapi\/\"]}]},{\"@type\":\"BreadcrumbList\",\"@id\":\"https:\/\/inspirapsikoloji.com\/bireysel-terapi\/#breadcrumb\",\"itemListElement\":[{\"@type\":\"ListItem\",\"position\":1,\"name\":\"Anasayfa\",\"item\":\"https:\/\/inspirapsikoloji.com\/\"},{\"@type\":\"ListItem\",\"position\":2,\"name\":\"Bireysel Terapi\"}]},{\"@type\":\"WebSite\",\"@id\":\"https:\/\/inspirapsikoloji.com\/#website\",\"url\":\"https:\/\/inspirapsikoloji.com\/\",\"name\":\"\u0130nspira Psikoloji\",\"description\":\"\",\"publisher\":{\"@id\":\"https:\/\/inspirapsikoloji.com\/#organization\"},\"potentialAction\":[{\"@type\":\"SearchAction\",\"target\":{\"@type\":\"EntryPoint\",\"urlTemplate\":\"https:\/\/inspirapsikoloji.com\/?s={search_term_string}\"},\"query-input\":\"required name=search_term_string\"}],\"inLanguage\":\"en-US\"},{\"@type\":\"Organization\",\"@id\":\"https:\/\/inspirapsikoloji.com\/#organization\",\"name\":\"\u0130nspira Psikoloji\",\"url\":\"https:\/\/inspirapsikoloji.com\/\",\"logo\":{\"@type\":\"ImageObject\",\"inLanguage\":\"en-US\",\"@id\":\"https:\/\/inspirapsikoloji.com\/#\/schema\/logo\/image\/\",\"url\":\"http:\/\/inspirapsikoloji.com\/wp-content\/uploads\/2024\/03\/inspira-psikoloji-logo-.png\",\"contentUrl\":\"http:\/\/inspirapsikoloji.com\/wp-content\/uploads\/2024\/03\/inspira-psikoloji-logo-.png\",\"width\":789,\"height\":316,\"caption\":\"\u0130nspira Psikoloji\"},\"image\":{\"@id\":\"https:\/\/inspirapsikoloji.com\/#\/schema\/logo\/image\/\"}}]}<\/script>\n<!-- \/ Yoast SEO plugin. -->","yoast_head_json":{"title":"Bireysel Terapi - \u0130nspira Psikoloji","description":"\u0130stanbul'da ve di\u011fer il ya da \u00fclkelerde ya\u015fayan dan\u0131\u015fanlar\u0131m\u0131za hem y\u00fcz y\u00fcze hem de online terapi hizmetleri sunuyoruz. Detayl\u0131 bilgi i\u00e7in ileti\u015fime ge\u00e7ebilirsiniz.","robots":{"index":"index","follow":"follow","max-snippet":"max-snippet:-1","max-image-preview":"max-image-preview:large","max-video-preview":"max-video-preview:-1"},"canonical":"https:\/\/inspirapsikoloji.com\/en\/individual-therapy\/","og_locale":"en_US","og_type":"article","og_title":"Bireysel Terapi - \u0130nspira Psikoloji","og_description":"\u0130stanbul'da ve di\u011fer il ya da \u00fclkelerde ya\u015fayan dan\u0131\u015fanlar\u0131m\u0131za hem y\u00fcz y\u00fcze hem de online terapi hizmetleri sunuyoruz. Detayl\u0131 bilgi i\u00e7in ileti\u015fime ge\u00e7ebilirsiniz.","og_url":"https:\/\/inspirapsikoloji.com\/en\/individual-therapy\/","og_site_name":"\u0130nspira Psikoloji","article_modified_time":"2024-09-24T08:58:13+00:00","twitter_card":"summary_large_image","twitter_misc":{"Est. reading time":"2 minutes"},"schema":{"@context":"https:\/\/schema.org","@graph":[{"@type":"WebPage","@id":"https:\/\/inspirapsikoloji.com\/bireysel-terapi\/","url":"https:\/\/inspirapsikoloji.com\/bireysel-terapi\/","name":"Bireysel Terapi - \u0130nspira Psikoloji","isPartOf":{"@id":"https:\/\/inspirapsikoloji.com\/#website"},"datePublished":"2023-12-14T21:03:24+00:00","dateModified":"2024-09-24T08:58:13+00:00","description":"\u0130stanbul'da ve di\u011fer il ya da \u00fclkelerde ya\u015fayan dan\u0131\u015fanlar\u0131m\u0131za hem y\u00fcz y\u00fcze hem de online terapi hizmetleri sunuyoruz. Detayl\u0131 bilgi i\u00e7in ileti\u015fime ge\u00e7ebilirsiniz.","breadcrumb":{"@id":"https:\/\/inspirapsikoloji.com\/bireysel-terapi\/#breadcrumb"},"inLanguage":"en-US","potentialAction":[{"@type":"ReadAction","target":["https:\/\/inspirapsikoloji.com\/bireysel-terapi\/"]}]},{"@type":"BreadcrumbList","@id":"https:\/\/inspirapsikoloji.com\/bireysel-terapi\/#breadcrumb","itemListElement":[{"@type":"ListItem","position":1,"name":"Anasayfa","item":"https:\/\/inspirapsikoloji.com\/"},{"@type":"ListItem","position":2,"name":"Bireysel Terapi"}]},{"@type":"WebSite","@id":"https:\/\/inspirapsikoloji.com\/#website","url":"https:\/\/inspirapsikoloji.com\/","name":"\u0130nspira Psikoloji","description":"","publisher":{"@id":"https:\/\/inspirapsikoloji.com\/#organization"},"potentialAction":[{"@type":"SearchAction","target":{"@type":"EntryPoint","urlTemplate":"https:\/\/inspirapsikoloji.com\/?s={search_term_string}"},"query-input":"required name=search_term_string"}],"inLanguage":"en-US"},{"@type":"Organization","@id":"https:\/\/inspirapsikoloji.com\/#organization","name":"\u0130nspira Psikoloji","url":"https:\/\/inspirapsikoloji.com\/","logo":{"@type":"ImageObject","inLanguage":"en-US","@id":"https:\/\/inspirapsikoloji.com\/#\/schema\/logo\/image\/","url":"http:\/\/inspirapsikoloji.com\/wp-content\/uploads\/2024\/03\/inspira-psikoloji-logo-.png","contentUrl":"http:\/\/inspirapsikoloji.com\/wp-content\/uploads\/2024\/03\/inspira-psikoloji-logo-.png","width":789,"height":316,"caption":"\u0130nspira Psikoloji"},"image":{"@id":"https:\/\/inspirapsikoloji.com\/#\/schema\/logo\/image\/"}}]}},"_links":{"self":[{"href":"https:\/\/inspirapsikoloji.com\/en\/wp-json\/wp\/v2\/pages\/774","targetHints":{"allow":["GET"]}}],"collection":[{"href":"https:\/\/inspirapsikoloji.com\/en\/wp-json\/wp\/v2\/pages"}],"about":[{"href":"https:\/\/inspirapsikoloji.com\/en\/wp-json\/wp\/v2\/types\/page"}],"author":[{"embeddable":true,"href":"https:\/\/inspirapsikoloji.com\/en\/wp-json\/wp\/v2\/users\/1"}],"replies":[{"embeddable":true,"href":"https:\/\/inspirapsikoloji.com\/en\/wp-json\/wp\/v2\/comments?post=774"}],"version-history":[{"count":15,"href":"https:\/\/inspirapsikoloji.com\/en\/wp-json\/wp\/v2\/pages\/774\/revisions"}],"predecessor-version":[{"id":1084,"href":"https:\/\/inspirapsikoloji.com\/en\/wp-json\/wp\/v2\/pages\/774\/revisions\/1084"}],"wp:attachment":[{"href":"https:\/\/inspirapsikoloji.com\/en\/wp-json\/wp\/v2\/media?parent=774"}],"curies":[{"name":"wp","href":"https:\/\/api.w.org\/{rel}","templated":true}]}}