{"id":685,"date":"2018-03-22T23:54:36","date_gmt":"2018-03-22T23:54:36","guid":{"rendered":"http:\/\/local.psych\/?page_id=685"},"modified":"2024-05-12T10:11:31","modified_gmt":"2024-05-12T07:11:31","slug":"hizmetlerimiz","status":"publish","type":"page","link":"https:\/\/inspirapsikoloji.com\/en\/our-services\/","title":{"rendered":"Services"},"content":{"rendered":"<div class=\"vc_row wpb_row vc_row-fluid\"><div class=\"wpb_column vc_column_container vc_col-sm-12\"><div class=\"vc_column-inner\"><div class=\"wpb_wrapper\"><div class=\"os-container\">\n            <div class=\"os-text-and-features-w  color-scheme-light layout-as-background\" style=\"background-image: url(https:\/\/inspirapsikoloji.com\/wp-content\/uploads\/2018\/04\/pic21.jpg);\">\n              \n              <div class=\"container-fluid\">\n                <div class=\"os-text-and-features-i\">\n\t<div class=\"wpb_text_column wpb_content_element\" >\n\t\t<div class=\"wpb_wrapper\">\n\t\t\t<h5>Services<\/h5>\n<p>Psikolojik sa\u011fl\u0131\u011f\u0131n ki\u015fiye \u00f6zg\u00fc ve her birey i\u00e7in farkl\u0131 bir yolculuk oldu\u011funa inan\u0131yoruz. Bu nedenle, spesifik ihtiya\u00e7lar\u0131n\u0131za y\u00f6nelik ki\u015fiselle\u015ftirilmi\u015f, kan\u0131ta dayal\u0131 y\u00f6ntemlerle \u00e7al\u0131\u015fman\u0131n \u00f6nemine inan\u0131yoruz.<\/p>\n\n\t\t<\/div>\n\t<\/div>\n<div class=\"os-iconed-features-w\"><div class=\"os-feature-with-icon wrapped-in-box color-scheme-light text-align-left media-position-top\">\n                <div class=\"fwi-media-w\" style=\"\"><i class=\"os-icon os-icon-social_engagement\" style=\"\"><\/i><\/div>\n                <div class=\"fwi-content-w\">\n                  <h5 class=\"fwi-header\" style=\"\">Bireysel Dan\u0131\u015fmanl\u0131k<\/h5>\n                  <div class=\"fwi-content\"><p>Inspira Psikoloji&#8217;de T\u00fcrk\u00e7e ve \u0130ngilizce dan\u0131\u015fmanl\u0131k hizmetleri veriyoruz. Hem \u0130stanbul\u2019da hem de di\u011fer illerde veya \u00fclkelerde ikamet eden dan\u0131\u015fanlar\u0131m\u0131za online ve y\u00fcz y\u00fcze g\u00f6r\u00fc\u015fme se\u00e7enekleri sunuyoruz.<\/p>\n<\/div>\n                  <div class=\"fwi-link-w without-class\"><a href=\"https:\/\/inspirapsikoloji.com\/en\/our-services\/\">Read More<\/a><\/div>\n                <\/div>\n            <\/div><div class=\"os-feature-with-icon wrapped-in-box color-scheme-light text-align-left media-position-top\">\n                <div class=\"fwi-media-w\" style=\"\"><i class=\"os-icon os-icon-green_innovation\" style=\"\"><\/i><\/div>\n                <div class=\"fwi-content-w\">\n                  <h5 class=\"fwi-header\" style=\"\">Psychological Assessments and Tests<\/h5>\n                  <div class=\"fwi-content\"><p>MMPI,CAS,WISC-4,MOXO, Daha fazla bilgi almak isterseniz bize ula\u015fabilirsiniz.<\/p>\n<\/div>\n                  <div class=\"fwi-link-w without-class\"><a href=\"https:\/\/inspirapsikoloji.com\/en\/our-services\/\">Read More<\/a><\/div>\n                <\/div>\n            <\/div><div class=\"os-feature-with-icon wrapped-in-box color-scheme-light text-align-left media-position-top\">\n                <div class=\"fwi-media-w\" style=\"\"><i class=\"os-icon os-icon-focusing_on_solution\" style=\"\"><\/i><\/div>\n                <div class=\"fwi-content-w\">\n                  <h5 class=\"fwi-header\" style=\"\">Couples Therapy<\/h5>\n                  <div class=\"fwi-content\"><p>Kan\u0131ta dayal\u0131 yakla\u015f\u0131mlar arac\u0131l\u0131\u011f\u0131yla g\u00fcveni yeniden in\u015fa etmeye, sorunlar\u0131 \u00e7\u00f6zmeye ve partnerinizle olan ba\u011f\u0131n\u0131z\u0131 derinle\u015ftirmenize olanak sa\u011flar.<\/p>\n<\/div>\n                  <div class=\"fwi-link-w without-class\"><a href=\"https:\/\/inspirapsikoloji.com\/en\/our-services\/\">Read More<\/a><\/div>\n                <\/div>\n            <\/div><div class=\"os-feature-with-icon wrapped-in-box color-scheme-light text-align-left media-position-top\">\n                <div class=\"fwi-media-w\" style=\"\"><i class=\"os-icon os-icon-daily_tasks_and_routine\" style=\"\"><\/i><\/div>\n                <div class=\"fwi-content-w\">\n                  <h5 class=\"fwi-header\" style=\"\">\u00c7al\u0131\u015fan Destek Program\u0131( \u00c7DP)<\/h5>\n                  <div class=\"fwi-content\"><p>\u00c7DP hizmetlerimizin kurumunuza ve \u00e7al\u0131\u015fanlar\u0131n\u0131za nas\u0131l fayda sa\u011flayabilece\u011fi hakk\u0131nda daha fazla bilgi edinmek veya kurumunuza \u00f6zel bir teklif almak i\u00e7in bizimle ileti\u015fime ge\u00e7ebilirsiniz.<\/p>\n<\/div>\n                  <div class=\"fwi-link-w without-class\"><a href=\"https:\/\/inspirapsikoloji.com\/en\/our-services\/\">Read More<\/a><\/div>\n                <\/div>\n            <\/div>\n<\/div>\n<\/div>\n              <\/div>\n            <\/div>\n          <\/div><\/div><\/div><\/div><\/div>","protected":false},"excerpt":{"rendered":"Hizmetlerimiz Psikolojik sa\u011fl\u0131\u011f\u0131n ki\u015fiye \u00f6zg\u00fc ve her birey i\u00e7in farkl\u0131 bir yolculuk oldu\u011funa inan\u0131yoruz. Bu nedenle, spesifik ihtiya\u00e7lar\u0131n\u0131za y\u00f6nelik ki\u015fiselle\u015ftirilmi\u015f, kan\u0131ta dayal\u0131 y\u00f6ntemlerle \u00e7al\u0131\u015fman\u0131n \u00f6nemine inan\u0131yoruz. Bireysel Dan\u0131\u015fmanl\u0131k Inspira Psikoloji'de T\u00fcrk\u00e7e ve \u0130ngilizce dan\u0131\u015fmanl\u0131k hizmetleri veriyoruz. Hem \u0130stanbul\u2019da hem de di\u011fer illerde veya \u00fclkelerde ikamet eden dan\u0131\u015fanlar\u0131m\u0131za online ve y\u00fcz y\u00fcze g\u00f6r\u00fc\u015fme se\u00e7enekleri sunuyoruz. Detayl\u0131...<div class=\"[...]\"><a href=\"https:\/\/inspirapsikoloji.com\/en\/our-services\/\">Read More<\/a><\/div>","protected":false},"author":1,"featured_media":726,"parent":0,"menu_order":0,"comment_status":"closed","ping_status":"closed","template":"","meta":{"footnotes":""},"class_list":["post-685","page","type-page","status-publish","has-post-thumbnail","hentry"],"yoast_head":"<!-- This site is optimized with the Yoast SEO plugin v22.2 - https:\/\/yoast.com\/wordpress\/plugins\/seo\/ -->\n<title>Hizmetlerimiz - \u0130nspira Psikoloji<\/title>\n<meta name=\"description\" content=\"\u0130nspira Psikoloji&#039;de verdi\u011fimiz hizmetler bireysel terapi, \u00e7ift terapisi, \u00e7al\u0131\u015fan destek program\u0131 (\u00c7DP) ile psikolojik testler ve de\u011ferlendirmeleri i\u00e7erir. Detayl\u0131 bilgi i\u00e7in t\u0131klay\u0131n.\" \/>\n<meta name=\"robots\" content=\"index, follow, max-snippet:-1, max-image-preview:large, max-video-preview:-1\" \/>\n<link rel=\"canonical\" href=\"https:\/\/inspirapsikoloji.com\/en\/our-services\/\" \/>\n<meta property=\"og:locale\" content=\"en_US\" \/>\n<meta property=\"og:type\" content=\"article\" \/>\n<meta property=\"og:title\" content=\"Hizmetlerimiz - \u0130nspira Psikoloji\" \/>\n<meta property=\"og:description\" content=\"\u0130nspira Psikoloji&#039;de verdi\u011fimiz hizmetler bireysel terapi, \u00e7ift terapisi, \u00e7al\u0131\u015fan destek program\u0131 (\u00c7DP) ile psikolojik testler ve de\u011ferlendirmeleri i\u00e7erir. Detayl\u0131 bilgi i\u00e7in t\u0131klay\u0131n.\" \/>\n<meta property=\"og:url\" content=\"https:\/\/inspirapsikoloji.com\/en\/our-services\/\" \/>\n<meta property=\"og:site_name\" content=\"\u0130nspira Psikoloji\" \/>\n<meta property=\"article:modified_time\" content=\"2024-05-12T07:11:31+00:00\" \/>\n<meta property=\"og:image\" content=\"https:\/\/inspirapsikoloji.com\/wp-content\/uploads\/2018\/04\/pic21.jpg\" \/>\n\t<meta property=\"og:image:width\" content=\"1287\" \/>\n\t<meta property=\"og:image:height\" content=\"1259\" \/>\n\t<meta property=\"og:image:type\" content=\"image\/jpeg\" \/>\n<meta name=\"twitter:card\" content=\"summary_large_image\" \/>\n<meta name=\"twitter:label1\" content=\"Est. reading time\" \/>\n\t<meta name=\"twitter:data1\" content=\"2 minutes\" \/>\n<script type=\"application\/ld+json\" class=\"yoast-schema-graph\">{\"@context\":\"https:\/\/schema.org\",\"@graph\":[{\"@type\":\"WebPage\",\"@id\":\"https:\/\/inspirapsikoloji.com\/hizmetlerimiz\/\",\"url\":\"https:\/\/inspirapsikoloji.com\/hizmetlerimiz\/\",\"name\":\"Hizmetlerimiz - \u0130nspira Psikoloji\",\"isPartOf\":{\"@id\":\"https:\/\/inspirapsikoloji.com\/#website\"},\"primaryImageOfPage\":{\"@id\":\"https:\/\/inspirapsikoloji.com\/hizmetlerimiz\/#primaryimage\"},\"image\":{\"@id\":\"https:\/\/inspirapsikoloji.com\/hizmetlerimiz\/#primaryimage\"},\"thumbnailUrl\":\"https:\/\/inspirapsikoloji.com\/wp-content\/uploads\/2018\/04\/pic21.jpg\",\"datePublished\":\"2018-03-22T23:54:36+00:00\",\"dateModified\":\"2024-05-12T07:11:31+00:00\",\"description\":\"\u0130nspira Psikoloji'de verdi\u011fimiz hizmetler bireysel terapi, \u00e7ift terapisi, \u00e7al\u0131\u015fan destek program\u0131 (\u00c7DP) ile psikolojik testler ve de\u011ferlendirmeleri i\u00e7erir. Detayl\u0131 bilgi i\u00e7in t\u0131klay\u0131n.\",\"breadcrumb\":{\"@id\":\"https:\/\/inspirapsikoloji.com\/hizmetlerimiz\/#breadcrumb\"},\"inLanguage\":\"en-US\",\"potentialAction\":[{\"@type\":\"ReadAction\",\"target\":[\"https:\/\/inspirapsikoloji.com\/hizmetlerimiz\/\"]}]},{\"@type\":\"ImageObject\",\"inLanguage\":\"en-US\",\"@id\":\"https:\/\/inspirapsikoloji.com\/hizmetlerimiz\/#primaryimage\",\"url\":\"https:\/\/inspirapsikoloji.com\/wp-content\/uploads\/2018\/04\/pic21.jpg\",\"contentUrl\":\"https:\/\/inspirapsikoloji.com\/wp-content\/uploads\/2018\/04\/pic21.jpg\",\"width\":1287,\"height\":1259},{\"@type\":\"BreadcrumbList\",\"@id\":\"https:\/\/inspirapsikoloji.com\/hizmetlerimiz\/#breadcrumb\",\"itemListElement\":[{\"@type\":\"ListItem\",\"position\":1,\"name\":\"Anasayfa\",\"item\":\"https:\/\/inspirapsikoloji.com\/\"},{\"@type\":\"ListItem\",\"position\":2,\"name\":\"Hizmetlerimiz\"}]},{\"@type\":\"WebSite\",\"@id\":\"https:\/\/inspirapsikoloji.com\/#website\",\"url\":\"https:\/\/inspirapsikoloji.com\/\",\"name\":\"\u0130nspira Psikoloji\",\"description\":\"\",\"publisher\":{\"@id\":\"https:\/\/inspirapsikoloji.com\/#organization\"},\"potentialAction\":[{\"@type\":\"SearchAction\",\"target\":{\"@type\":\"EntryPoint\",\"urlTemplate\":\"https:\/\/inspirapsikoloji.com\/?s={search_term_string}\"},\"query-input\":\"required name=search_term_string\"}],\"inLanguage\":\"en-US\"},{\"@type\":\"Organization\",\"@id\":\"https:\/\/inspirapsikoloji.com\/#organization\",\"name\":\"\u0130nspira Psikoloji\",\"url\":\"https:\/\/inspirapsikoloji.com\/\",\"logo\":{\"@type\":\"ImageObject\",\"inLanguage\":\"en-US\",\"@id\":\"https:\/\/inspirapsikoloji.com\/#\/schema\/logo\/image\/\",\"url\":\"http:\/\/inspirapsikoloji.com\/wp-content\/uploads\/2024\/03\/inspira-psikoloji-logo-.png\",\"contentUrl\":\"http:\/\/inspirapsikoloji.com\/wp-content\/uploads\/2024\/03\/inspira-psikoloji-logo-.png\",\"width\":789,\"height\":316,\"caption\":\"\u0130nspira Psikoloji\"},\"image\":{\"@id\":\"https:\/\/inspirapsikoloji.com\/#\/schema\/logo\/image\/\"}}]}<\/script>\n<!-- \/ Yoast SEO plugin. -->","yoast_head_json":{"title":"Hizmetlerimiz - \u0130nspira Psikoloji","description":"\u0130nspira Psikoloji'de verdi\u011fimiz hizmetler bireysel terapi, \u00e7ift terapisi, \u00e7al\u0131\u015fan destek program\u0131 (\u00c7DP) ile psikolojik testler ve de\u011ferlendirmeleri i\u00e7erir. Detayl\u0131 bilgi i\u00e7in t\u0131klay\u0131n.","robots":{"index":"index","follow":"follow","max-snippet":"max-snippet:-1","max-image-preview":"max-image-preview:large","max-video-preview":"max-video-preview:-1"},"canonical":"https:\/\/inspirapsikoloji.com\/en\/our-services\/","og_locale":"en_US","og_type":"article","og_title":"Hizmetlerimiz - \u0130nspira Psikoloji","og_description":"\u0130nspira Psikoloji'de verdi\u011fimiz hizmetler bireysel terapi, \u00e7ift terapisi, \u00e7al\u0131\u015fan destek program\u0131 (\u00c7DP) ile psikolojik testler ve de\u011ferlendirmeleri i\u00e7erir. Detayl\u0131 bilgi i\u00e7in t\u0131klay\u0131n.","og_url":"https:\/\/inspirapsikoloji.com\/en\/our-services\/","og_site_name":"\u0130nspira Psikoloji","article_modified_time":"2024-05-12T07:11:31+00:00","og_image":[{"width":1287,"height":1259,"url":"https:\/\/inspirapsikoloji.com\/wp-content\/uploads\/2018\/04\/pic21.jpg","type":"image\/jpeg"}],"twitter_card":"summary_large_image","twitter_misc":{"Est. reading time":"2 minutes"},"schema":{"@context":"https:\/\/schema.org","@graph":[{"@type":"WebPage","@id":"https:\/\/inspirapsikoloji.com\/hizmetlerimiz\/","url":"https:\/\/inspirapsikoloji.com\/hizmetlerimiz\/","name":"Hizmetlerimiz - \u0130nspira Psikoloji","isPartOf":{"@id":"https:\/\/inspirapsikoloji.com\/#website"},"primaryImageOfPage":{"@id":"https:\/\/inspirapsikoloji.com\/hizmetlerimiz\/#primaryimage"},"image":{"@id":"https:\/\/inspirapsikoloji.com\/hizmetlerimiz\/#primaryimage"},"thumbnailUrl":"https:\/\/inspirapsikoloji.com\/wp-content\/uploads\/2018\/04\/pic21.jpg","datePublished":"2018-03-22T23:54:36+00:00","dateModified":"2024-05-12T07:11:31+00:00","description":"\u0130nspira Psikoloji'de verdi\u011fimiz hizmetler bireysel terapi, \u00e7ift terapisi, \u00e7al\u0131\u015fan destek program\u0131 (\u00c7DP) ile psikolojik testler ve de\u011ferlendirmeleri i\u00e7erir. Detayl\u0131 bilgi i\u00e7in t\u0131klay\u0131n.","breadcrumb":{"@id":"https:\/\/inspirapsikoloji.com\/hizmetlerimiz\/#breadcrumb"},"inLanguage":"en-US","potentialAction":[{"@type":"ReadAction","target":["https:\/\/inspirapsikoloji.com\/hizmetlerimiz\/"]}]},{"@type":"ImageObject","inLanguage":"en-US","@id":"https:\/\/inspirapsikoloji.com\/hizmetlerimiz\/#primaryimage","url":"https:\/\/inspirapsikoloji.com\/wp-content\/uploads\/2018\/04\/pic21.jpg","contentUrl":"https:\/\/inspirapsikoloji.com\/wp-content\/uploads\/2018\/04\/pic21.jpg","width":1287,"height":1259},{"@type":"BreadcrumbList","@id":"https:\/\/inspirapsikoloji.com\/hizmetlerimiz\/#breadcrumb","itemListElement":[{"@type":"ListItem","position":1,"name":"Anasayfa","item":"https:\/\/inspirapsikoloji.com\/"},{"@type":"ListItem","position":2,"name":"Hizmetlerimiz"}]},{"@type":"WebSite","@id":"https:\/\/inspirapsikoloji.com\/#website","url":"https:\/\/inspirapsikoloji.com\/","name":"\u0130nspira Psikoloji","description":"","publisher":{"@id":"https:\/\/inspirapsikoloji.com\/#organization"},"potentialAction":[{"@type":"SearchAction","target":{"@type":"EntryPoint","urlTemplate":"https:\/\/inspirapsikoloji.com\/?s={search_term_string}"},"query-input":"required name=search_term_string"}],"inLanguage":"en-US"},{"@type":"Organization","@id":"https:\/\/inspirapsikoloji.com\/#organization","name":"\u0130nspira Psikoloji","url":"https:\/\/inspirapsikoloji.com\/","logo":{"@type":"ImageObject","inLanguage":"en-US","@id":"https:\/\/inspirapsikoloji.com\/#\/schema\/logo\/image\/","url":"http:\/\/inspirapsikoloji.com\/wp-content\/uploads\/2024\/03\/inspira-psikoloji-logo-.png","contentUrl":"http:\/\/inspirapsikoloji.com\/wp-content\/uploads\/2024\/03\/inspira-psikoloji-logo-.png","width":789,"height":316,"caption":"\u0130nspira Psikoloji"},"image":{"@id":"https:\/\/inspirapsikoloji.com\/#\/schema\/logo\/image\/"}}]}},"_links":{"self":[{"href":"https:\/\/inspirapsikoloji.com\/en\/wp-json\/wp\/v2\/pages\/685","targetHints":{"allow":["GET"]}}],"collection":[{"href":"https:\/\/inspirapsikoloji.com\/en\/wp-json\/wp\/v2\/pages"}],"about":[{"href":"https:\/\/inspirapsikoloji.com\/en\/wp-json\/wp\/v2\/types\/page"}],"author":[{"embeddable":true,"href":"https:\/\/inspirapsikoloji.com\/en\/wp-json\/wp\/v2\/users\/1"}],"replies":[{"embeddable":true,"href":"https:\/\/inspirapsikoloji.com\/en\/wp-json\/wp\/v2\/comments?post=685"}],"version-history":[{"count":9,"href":"https:\/\/inspirapsikoloji.com\/en\/wp-json\/wp\/v2\/pages\/685\/revisions"}],"predecessor-version":[{"id":1057,"href":"https:\/\/inspirapsikoloji.com\/en\/wp-json\/wp\/v2\/pages\/685\/revisions\/1057"}],"wp:featuredmedia":[{"embeddable":true,"href":"https:\/\/inspirapsikoloji.com\/en\/wp-json\/wp\/v2\/media\/726"}],"wp:attachment":[{"href":"https:\/\/inspirapsikoloji.com\/en\/wp-json\/wp\/v2\/media?parent=685"}],"curies":[{"name":"wp","href":"https:\/\/api.w.org\/{rel}","templated":true}]}}