{"id":3,"date":"2023-12-14T23:12:41","date_gmt":"2023-12-14T20:12:41","guid":{"rendered":"http:\/\/inspirapsikoloji.com\/?page_id=3"},"modified":"2024-06-02T14:25:52","modified_gmt":"2024-06-02T11:25:52","slug":"gizlilik-ilkesi","status":"publish","type":"page","link":"https:\/\/inspirapsikoloji.com\/en\/privacy-policy\/","title":{"rendered":"Gizlilik Politikas\u0131"},"content":{"rendered":"<h2 class=\"wp-block-heading\">Biz kimiz<\/h2>\r\n\r\n\r\n\r\n<p><strong class=\"privacy-policy-tutorial\">\u00a0<\/strong>Sitemizin adresi: http:\/\/inspirapsikoloji.com.<\/p>\r\n\r\n\r\n\r\n<p>&nbsp;<\/p>\r\n\r\n\r\n\r\n<h2 class=\"wp-block-heading\">\u00c7erezler<\/h2>\r\n\r\n\r\n\r\n<p>Sitemizde bir yorum yaparsan\u0131z, ad\u0131n\u0131z\u0131n, e-posta adresinizin ve site adresinizin \u00e7erezlere kaydedilmesini se\u00e7ebilirsiniz. Bunlar size kolayl\u0131k sa\u011flamak i\u00e7indir. B\u00f6ylece ba\u015fka bir yorum yapt\u0131\u011f\u0131n\u0131zda bilgilerinizi yeniden yazman\u0131z gerekmez. Bu \u00e7erezler bir y\u0131l saklan\u0131r.<\/p>\r\n\r\n\r\n\r\n<p>Giri\u015f sayfam\u0131z\u0131 ziyaret ederseniz, taray\u0131c\u0131n\u0131z\u0131n \u00e7erezleri kabul edip etmedi\u011fini belirlemek i\u00e7in ge\u00e7ici bir \u00e7erez ayarlayaca\u011f\u0131z. Bu \u00e7erezde herhangi bir ki\u015fisel veri bulunmaz ve taray\u0131c\u0131n\u0131z\u0131 kapatt\u0131\u011f\u0131n\u0131zda yok edilir.<\/p>\r\n\r\n\r\n\r\n<p>Giri\u015f yapt\u0131\u011f\u0131n\u0131zda, giri\u015f bilgilerinizi ve ekran g\u00f6r\u00fcnt\u00fcleme se\u00e7iminizi kaydetmek i\u00e7in birka\u00e7 \u00e7erez kaydedece\u011fiz. Giri\u015f \u00e7erezleri iki g\u00fcn ve ekran se\u00e7enekleri \u00e7erezleri bir y\u0131l boyunca tutulur. &#8220;Beni hat\u0131rla&#8221; se\u00e7ene\u011fini se\u00e7erseniz, giri\u015finiz iki hafta boyunca etkin kal\u0131r. Hesab\u0131n\u0131zdan \u00e7\u0131k\u0131\u015f yaparsan\u0131z, giri\u015f \u00e7erezleri kald\u0131r\u0131l\u0131r.<\/p>\r\n\r\n\r\n\r\n<p>Bir yaz\u0131y\u0131 d\u00fczenler ya da yay\u0131nlarsan\u0131z taray\u0131c\u0131n\u0131za ek bir \u00e7erez kaydedilir. Bu \u00e7erezde herhangi bir ki\u015fisel veri bulunmaz ve yaln\u0131zca d\u00fczenledi\u011finiz yaz\u0131n\u0131n kimli\u011fi bulunur. 1 g\u00fcn sonra zaman a\u015f\u0131m\u0131na u\u011frar.<\/p>","protected":false},"excerpt":{"rendered":"<p>Biz kimiz \u00a0Sitemizin adresi: http:\/\/inspirapsikoloji.com. &nbsp; \u00c7erezler Sitemizde bir yorum yaparsan\u0131z, ad\u0131n\u0131z\u0131n, e-posta adresinizin ve site adresinizin \u00e7erezlere kaydedilmesini se\u00e7ebilirsiniz. Bunlar size kolayl\u0131k sa\u011flamak i\u00e7indir. B\u00f6ylece ba\u015fka bir yorum yapt\u0131\u011f\u0131n\u0131zda bilgilerinizi yeniden yazman\u0131z gerekmez. Bu \u00e7erezler bir y\u0131l saklan\u0131r. Giri\u015f sayfam\u0131z\u0131 ziyaret ederseniz, taray\u0131c\u0131n\u0131z\u0131n \u00e7erezleri kabul edip etmedi\u011fini belirlemek i\u00e7in ge\u00e7ici bir \u00e7erez ayarlayaca\u011f\u0131z. Bu&#8230;<\/p>\n<div class=\"[&hellip;]\"><a href=\"https:\/\/inspirapsikoloji.com\/en\/privacy-policy\/\">Read More<\/a><\/div>","protected":false},"author":1,"featured_media":0,"parent":0,"menu_order":0,"comment_status":"closed","ping_status":"closed","template":"","meta":{"footnotes":""},"class_list":["post-3","page","type-page","status-publish","hentry"],"yoast_head":"<!-- This site is optimized with the Yoast SEO plugin v22.2 - https:\/\/yoast.com\/wordpress\/plugins\/seo\/ -->\n<title>Gizlilik Politikas\u0131 - \u0130nspira Psikoloji<\/title>\n<meta name=\"robots\" content=\"index, follow, max-snippet:-1, max-image-preview:large, max-video-preview:-1\" \/>\n<link rel=\"canonical\" href=\"https:\/\/inspirapsikoloji.com\/en\/privacy-policy\/\" \/>\n<meta property=\"og:locale\" content=\"en_US\" \/>\n<meta property=\"og:type\" content=\"article\" \/>\n<meta property=\"og:title\" content=\"Gizlilik Politikas\u0131 - \u0130nspira Psikoloji\" \/>\n<meta property=\"og:description\" content=\"Biz kimiz \u00a0Sitemizin adresi: http:\/\/inspirapsikoloji.com. &nbsp; \u00c7erezler Sitemizde bir yorum yaparsan\u0131z, ad\u0131n\u0131z\u0131n, e-posta adresinizin ve site adresinizin \u00e7erezlere kaydedilmesini se\u00e7ebilirsiniz. Bunlar size kolayl\u0131k sa\u011flamak i\u00e7indir. B\u00f6ylece ba\u015fka bir yorum yapt\u0131\u011f\u0131n\u0131zda bilgilerinizi yeniden yazman\u0131z gerekmez. Bu \u00e7erezler bir y\u0131l saklan\u0131r. Giri\u015f sayfam\u0131z\u0131 ziyaret ederseniz, taray\u0131c\u0131n\u0131z\u0131n \u00e7erezleri kabul edip etmedi\u011fini belirlemek i\u00e7in ge\u00e7ici bir \u00e7erez ayarlayaca\u011f\u0131z. Bu...Read More\" \/>\n<meta property=\"og:url\" content=\"https:\/\/inspirapsikoloji.com\/en\/privacy-policy\/\" \/>\n<meta property=\"og:site_name\" content=\"\u0130nspira Psikoloji\" \/>\n<meta property=\"article:modified_time\" content=\"2024-06-02T11:25:52+00:00\" \/>\n<meta name=\"twitter:card\" content=\"summary_large_image\" \/>\n<meta name=\"twitter:label1\" content=\"Est. reading time\" \/>\n\t<meta name=\"twitter:data1\" content=\"1 minute\" \/>\n<script type=\"application\/ld+json\" class=\"yoast-schema-graph\">{\"@context\":\"https:\/\/schema.org\",\"@graph\":[{\"@type\":\"WebPage\",\"@id\":\"https:\/\/inspirapsikoloji.com\/gizlilik-ilkesi\/\",\"url\":\"https:\/\/inspirapsikoloji.com\/gizlilik-ilkesi\/\",\"name\":\"Gizlilik Politikas\u0131 - \u0130nspira Psikoloji\",\"isPartOf\":{\"@id\":\"https:\/\/inspirapsikoloji.com\/#website\"},\"datePublished\":\"2023-12-14T20:12:41+00:00\",\"dateModified\":\"2024-06-02T11:25:52+00:00\",\"breadcrumb\":{\"@id\":\"https:\/\/inspirapsikoloji.com\/gizlilik-ilkesi\/#breadcrumb\"},\"inLanguage\":\"en-US\",\"potentialAction\":[{\"@type\":\"ReadAction\",\"target\":[\"https:\/\/inspirapsikoloji.com\/gizlilik-ilkesi\/\"]}]},{\"@type\":\"BreadcrumbList\",\"@id\":\"https:\/\/inspirapsikoloji.com\/gizlilik-ilkesi\/#breadcrumb\",\"itemListElement\":[{\"@type\":\"ListItem\",\"position\":1,\"name\":\"Anasayfa\",\"item\":\"https:\/\/inspirapsikoloji.com\/\"},{\"@type\":\"ListItem\",\"position\":2,\"name\":\"Gizlilik Politikas\u0131\"}]},{\"@type\":\"WebSite\",\"@id\":\"https:\/\/inspirapsikoloji.com\/#website\",\"url\":\"https:\/\/inspirapsikoloji.com\/\",\"name\":\"\u0130nspira Psikoloji\",\"description\":\"\",\"publisher\":{\"@id\":\"https:\/\/inspirapsikoloji.com\/#organization\"},\"potentialAction\":[{\"@type\":\"SearchAction\",\"target\":{\"@type\":\"EntryPoint\",\"urlTemplate\":\"https:\/\/inspirapsikoloji.com\/?s={search_term_string}\"},\"query-input\":\"required name=search_term_string\"}],\"inLanguage\":\"en-US\"},{\"@type\":\"Organization\",\"@id\":\"https:\/\/inspirapsikoloji.com\/#organization\",\"name\":\"\u0130nspira Psikoloji\",\"url\":\"https:\/\/inspirapsikoloji.com\/\",\"logo\":{\"@type\":\"ImageObject\",\"inLanguage\":\"en-US\",\"@id\":\"https:\/\/inspirapsikoloji.com\/#\/schema\/logo\/image\/\",\"url\":\"http:\/\/inspirapsikoloji.com\/wp-content\/uploads\/2024\/03\/inspira-psikoloji-logo-.png\",\"contentUrl\":\"http:\/\/inspirapsikoloji.com\/wp-content\/uploads\/2024\/03\/inspira-psikoloji-logo-.png\",\"width\":789,\"height\":316,\"caption\":\"\u0130nspira Psikoloji\"},\"image\":{\"@id\":\"https:\/\/inspirapsikoloji.com\/#\/schema\/logo\/image\/\"}}]}<\/script>\n<!-- \/ Yoast SEO plugin. -->","yoast_head_json":{"title":"Gizlilik Politikas\u0131 - \u0130nspira Psikoloji","robots":{"index":"index","follow":"follow","max-snippet":"max-snippet:-1","max-image-preview":"max-image-preview:large","max-video-preview":"max-video-preview:-1"},"canonical":"https:\/\/inspirapsikoloji.com\/en\/privacy-policy\/","og_locale":"en_US","og_type":"article","og_title":"Gizlilik Politikas\u0131 - \u0130nspira Psikoloji","og_description":"Biz kimiz \u00a0Sitemizin adresi: http:\/\/inspirapsikoloji.com. &nbsp; \u00c7erezler Sitemizde bir yorum yaparsan\u0131z, ad\u0131n\u0131z\u0131n, e-posta adresinizin ve site adresinizin \u00e7erezlere kaydedilmesini se\u00e7ebilirsiniz. Bunlar size kolayl\u0131k sa\u011flamak i\u00e7indir. B\u00f6ylece ba\u015fka bir yorum yapt\u0131\u011f\u0131n\u0131zda bilgilerinizi yeniden yazman\u0131z gerekmez. Bu \u00e7erezler bir y\u0131l saklan\u0131r. Giri\u015f sayfam\u0131z\u0131 ziyaret ederseniz, taray\u0131c\u0131n\u0131z\u0131n \u00e7erezleri kabul edip etmedi\u011fini belirlemek i\u00e7in ge\u00e7ici bir \u00e7erez ayarlayaca\u011f\u0131z. Bu...Read More","og_url":"https:\/\/inspirapsikoloji.com\/en\/privacy-policy\/","og_site_name":"\u0130nspira Psikoloji","article_modified_time":"2024-06-02T11:25:52+00:00","twitter_card":"summary_large_image","twitter_misc":{"Est. reading time":"1 minute"},"schema":{"@context":"https:\/\/schema.org","@graph":[{"@type":"WebPage","@id":"https:\/\/inspirapsikoloji.com\/gizlilik-ilkesi\/","url":"https:\/\/inspirapsikoloji.com\/gizlilik-ilkesi\/","name":"Gizlilik Politikas\u0131 - \u0130nspira Psikoloji","isPartOf":{"@id":"https:\/\/inspirapsikoloji.com\/#website"},"datePublished":"2023-12-14T20:12:41+00:00","dateModified":"2024-06-02T11:25:52+00:00","breadcrumb":{"@id":"https:\/\/inspirapsikoloji.com\/gizlilik-ilkesi\/#breadcrumb"},"inLanguage":"en-US","potentialAction":[{"@type":"ReadAction","target":["https:\/\/inspirapsikoloji.com\/gizlilik-ilkesi\/"]}]},{"@type":"BreadcrumbList","@id":"https:\/\/inspirapsikoloji.com\/gizlilik-ilkesi\/#breadcrumb","itemListElement":[{"@type":"ListItem","position":1,"name":"Anasayfa","item":"https:\/\/inspirapsikoloji.com\/"},{"@type":"ListItem","position":2,"name":"Gizlilik Politikas\u0131"}]},{"@type":"WebSite","@id":"https:\/\/inspirapsikoloji.com\/#website","url":"https:\/\/inspirapsikoloji.com\/","name":"\u0130nspira Psikoloji","description":"","publisher":{"@id":"https:\/\/inspirapsikoloji.com\/#organization"},"potentialAction":[{"@type":"SearchAction","target":{"@type":"EntryPoint","urlTemplate":"https:\/\/inspirapsikoloji.com\/?s={search_term_string}"},"query-input":"required name=search_term_string"}],"inLanguage":"en-US"},{"@type":"Organization","@id":"https:\/\/inspirapsikoloji.com\/#organization","name":"\u0130nspira Psikoloji","url":"https:\/\/inspirapsikoloji.com\/","logo":{"@type":"ImageObject","inLanguage":"en-US","@id":"https:\/\/inspirapsikoloji.com\/#\/schema\/logo\/image\/","url":"http:\/\/inspirapsikoloji.com\/wp-content\/uploads\/2024\/03\/inspira-psikoloji-logo-.png","contentUrl":"http:\/\/inspirapsikoloji.com\/wp-content\/uploads\/2024\/03\/inspira-psikoloji-logo-.png","width":789,"height":316,"caption":"\u0130nspira Psikoloji"},"image":{"@id":"https:\/\/inspirapsikoloji.com\/#\/schema\/logo\/image\/"}}]}},"_links":{"self":[{"href":"https:\/\/inspirapsikoloji.com\/en\/wp-json\/wp\/v2\/pages\/3","targetHints":{"allow":["GET"]}}],"collection":[{"href":"https:\/\/inspirapsikoloji.com\/en\/wp-json\/wp\/v2\/pages"}],"about":[{"href":"https:\/\/inspirapsikoloji.com\/en\/wp-json\/wp\/v2\/types\/page"}],"author":[{"embeddable":true,"href":"https:\/\/inspirapsikoloji.com\/en\/wp-json\/wp\/v2\/users\/1"}],"replies":[{"embeddable":true,"href":"https:\/\/inspirapsikoloji.com\/en\/wp-json\/wp\/v2\/comments?post=3"}],"version-history":[{"count":3,"href":"https:\/\/inspirapsikoloji.com\/en\/wp-json\/wp\/v2\/pages\/3\/revisions"}],"predecessor-version":[{"id":1060,"href":"https:\/\/inspirapsikoloji.com\/en\/wp-json\/wp\/v2\/pages\/3\/revisions\/1060"}],"wp:attachment":[{"href":"https:\/\/inspirapsikoloji.com\/en\/wp-json\/wp\/v2\/media?parent=3"}],"curies":[{"name":"wp","href":"https:\/\/api.w.org\/{rel}","templated":true}]}}