{"id":17,"date":"2018-02-22T18:49:01","date_gmt":"2018-02-22T18:49:01","guid":{"rendered":"http:\/\/local.psych\/?page_id=17"},"modified":"2024-09-24T12:10:24","modified_gmt":"2024-09-24T09:10:24","slug":"iletisim","status":"publish","type":"page","link":"https:\/\/inspirapsikoloji.com\/en\/contact-us\/","title":{"rendered":"Contact Us"},"content":{"rendered":"<div class=\"vc_row wpb_row vc_row-fluid\"><div class=\"wpb_column vc_column_container vc_col-sm-3\"><div class=\"vc_column-inner\"><div class=\"wpb_wrapper\">\n\t<div class=\"wpb_text_column wpb_content_element\" >\n\t\t<div class=\"wpb_wrapper\">\n\t\t\t<p><strong>Phone: <\/strong><\/p>\n<p><a href=\"tel: 905527919765\">+90 552 791 97 65<\/a><\/p>\n<p>&nbsp;<\/p>\n<p><strong>Address: <\/strong><\/p>\n<p>Merkez Mahallesi,<\/p>\n<p>Prof. Dr. Nurettin Mazhar Oktel Sokak,<\/p>\n<p>No:9\/4<\/p>\n<p>\u015ei\u015fli\/\u0130stanbul<\/p>\n<p>&nbsp;<\/p>\n<p><strong>Email: <\/strong><\/p>\n<p><a href=\"mailto:info@inspirapsikoloji.com\">info@inspirapsikoloji.com<\/a><\/p>\n\n\t\t<\/div>\n\t<\/div>\n<\/div><\/div><\/div><div class=\"wpb_column vc_column_container vc_col-sm-9\"><div class=\"vc_column-inner\"><div class=\"wpb_wrapper\"><div class=\"wpb_gmaps_widget wpb_content_element\"><div class=\"wpb_wrapper\"><div class=\"wpb_map_wraper\"><iframe src=\"https:\/\/www.google.com\/maps\/embed?pb=!1m18!1m12!1m3!1d3008.2628510032505!2d28.987075276554258!3d41.06324671603764!2m3!1f0!2f0!3f0!3m2!1i1024!2i768!4f13.1!3m3!1m2!1s0x14cab702e188aa9d%3A0x1988d5bfa0be0769!2zTWVya2V6LCBQcm9mLiBOdXJldHRpbiBNYXpoYXIgw5ZrdGVsIFNrIE5vOjksIDM0MzgxIMWeacWfbGkvxLBzdGFuYnVs!5e0!3m2!1str!2str!4v1702638416068!5m2!1str!2str\" width=\"600\" height=\"450\" style=\"border:0;\" allowfullscreen=\"\" loading=\"lazy\" referrerpolicy=\"no-referrer-when-downgrade\"><\/iframe><\/div><\/div><\/div><\/div><\/div><\/div><\/div><div class=\"vc_row wpb_row vc_row-fluid\"><div class=\"wpb_column vc_column_container vc_col-sm-3\"><div class=\"vc_column-inner\"><div class=\"wpb_wrapper\">\n\t<div class=\"wpb_text_column wpb_content_element\" >\n\t\t<div class=\"wpb_wrapper\">\n\t\t\t<h4>Working Hours<\/h4>\n<ul>\n<li>Monday: <strong>11:00 \u2013 21:00<\/strong><\/li>\n<li>Tuesday: <strong>11:00 \u2013 21:00<\/strong><\/li>\n<li>Wednesday: <strong>11:00 \u2013 21:00<\/strong><\/li>\n<li>Thursday: <strong>11:00 \u2013 21:00<\/strong><\/li>\n<li>Friday: <strong>11:00 \u2013 21:00<\/strong><\/li>\n<li>Saturday: <strong>11:00 \u2013 21:00<\/strong><\/li>\n<li>Sunday: <span style=\"color: #a3243d;\"><b>Closed<\/b><\/span><\/li>\n<\/ul>\n\n\t\t<\/div>\n\t<\/div>\n<\/div><\/div><\/div><div class=\"wpb_column vc_column_container vc_col-sm-9\"><div class=\"vc_column-inner\"><div class=\"wpb_wrapper\">\n\t<div class=\"wpb_text_column wpb_content_element\" >\n\t\t<div class=\"wpb_wrapper\">\n\t\t\t<h4>How Can We Help?<\/h4>\n<p>Contact us for more information<\/p>\n<div class=\"wpforms-container wpforms-container-full wpforms-render-modern\" id=\"wpforms-896\"><form id=\"wpforms-form-896\" class=\"wpforms-validate wpforms-form wpforms-ajax-form\" data-formid=\"896\" method=\"post\" enctype=\"multipart\/form-data\" action=\"\/en\/wp-json\/wp\/v2\/pages\/17\" data-token=\"d71f2d96f5b3a7a977f8e41069a9bd78\" data-trp-original-action=\"\/en\/wp-json\/wp\/v2\/pages\/17\"><noscript class=\"wpforms-error-noscript\">Please enable JavaScript in your browser to complete this form.<\/noscript><div class=\"wpforms-hidden\" id=\"wpforms-error-noscript\">Please enable JavaScript in your browser to complete this form.<\/div><div class=\"wpforms-field-container\"><div id=\"wpforms-896-field_1-container\" class=\"wpforms-field wpforms-field-text\" data-field-id=\"1\"><label class=\"wpforms-field-label wpforms-label-hide\" for=\"wpforms-896-field_1\" aria-hidden=\"false\">Name Surname<\/label><input type=\"text\" id=\"wpforms-896-field_1\" class=\"wpforms-field-large\" name=\"wpforms[fields][1]\" placeholder=\"Name Surname\" aria-errormessage=\"wpforms-896-field_1-error\" ><\/div><div id=\"wpforms-896-field_4-container\" class=\"wpforms-field wpforms-field-email\" data-field-id=\"4\"><label class=\"wpforms-field-label wpforms-label-hide\" for=\"wpforms-896-field_4\" aria-hidden=\"false\">E-mail <span class=\"wpforms-required-label\" aria-hidden=\"true\">*<\/span><\/label><input type=\"email\" id=\"wpforms-896-field_4\" class=\"wpforms-field-large wpforms-field-required\" name=\"wpforms[fields][4]\" placeholder=\"E-mail\" spellcheck=\"false\" aria-errormessage=\"wpforms-896-field_4-error\" required><\/div><div id=\"wpforms-896-field_5-container\" class=\"wpforms-field wpforms-field-text\" data-field-id=\"5\"><label class=\"wpforms-field-label wpforms-label-hide\" for=\"wpforms-896-field_5\" aria-hidden=\"false\">Subject<\/label><input type=\"text\" id=\"wpforms-896-field_5\" class=\"wpforms-field-large\" name=\"wpforms[fields][5]\" placeholder=\"Subject\" aria-errormessage=\"wpforms-896-field_5-error\" ><\/div><div id=\"wpforms-896-field_7-container\" class=\"wpforms-field wpforms-field-textarea\" data-field-id=\"7\"><label class=\"wpforms-field-label wpforms-label-hide\" for=\"wpforms-896-field_7\" aria-hidden=\"false\">Message<\/label><textarea id=\"wpforms-896-field_7\" class=\"wpforms-field-medium\" name=\"wpforms[fields][7]\" placeholder=\"Message\" aria-errormessage=\"wpforms-896-field_7-error\" ><\/textarea><\/div><\/div><!-- .wpforms-field-container --><div class=\"wpforms-submit-container\" ><input type=\"hidden\" name=\"wpforms[id]\" value=\"896\"><input type=\"hidden\" name=\"wpforms[author]\" value=\"1\"><button type=\"submit\" name=\"wpforms[submit]\" id=\"wpforms-submit-896\" class=\"wpforms-submit\" data-alt-text=\"G\u00f6nderiliyor...\" data-submit-text=\"G\u00f6nder\" aria-live=\"assertive\" value=\"wpforms-submit\">Send<\/button><img loading=\"lazy\" decoding=\"async\" src=\"https:\/\/inspirapsikoloji.com\/wp-content\/plugins\/wpforms-lite\/assets\/images\/submit-spin.svg\" class=\"wpforms-submit-spinner\" style=\"display: none;\" width=\"26\" height=\"26\" alt=\"Loading\"><\/div><input type=\"hidden\" name=\"trp-form-language\" value=\"en\"\/><\/form><\/div>  <!-- .wpforms-container -->\n<h4><\/h4>\n\n\t\t<\/div>\n\t<\/div>\n<\/div><\/div><\/div><\/div>","protected":false},"excerpt":{"rendered":"Telefon: +90 552 791 97 65 &nbsp; Adres: Merkez Mahallesi, Prof. Dr. Nurettin Mazhar Oktel Sokak, No:9\/4 \u015ei\u015fli\/\u0130stanbul &nbsp; Email: info@inspirapsikoloji.com \u00c7al\u0131\u015fma Saatleri Pazartesi: 11:00 \u2013 21:00 Sal\u0131: 11:00 \u2013 21:00 \u00c7ar\u015famba: 11:00 \u2013 21:00 Per\u015fembe: 11:00 \u2013 21:00 Cuma: 11:00 \u2013 21:00 Cumartesi: 11:00 \u2013 21:00 Pazar: Kapal\u0131 Nas\u0131l Yard\u0131mc\u0131 Olabiliriz? Detayl\u0131 bilgi almak...<div class=\"[...]\"><a href=\"https:\/\/inspirapsikoloji.com\/en\/contact-us\/\">Read More<\/a><\/div>","protected":false},"author":1,"featured_media":969,"parent":0,"menu_order":0,"comment_status":"closed","ping_status":"closed","template":"","meta":{"footnotes":""},"class_list":["post-17","page","type-page","status-publish","has-post-thumbnail","hentry"],"yoast_head":"<!-- This site is optimized with the Yoast SEO plugin v22.2 - https:\/\/yoast.com\/wordpress\/plugins\/seo\/ -->\n<title>\u0130leti\u015fim - \u0130nspira Psikoloji<\/title>\n<meta name=\"description\" content=\"\u0130nspira Psikoloji&#039;de verdi\u011fimiz hizmetlerle ilgili detayl\u0131 bilgi almak i\u00e7in bizimle ileti\u015fime ge\u00e7in.\" \/>\n<meta name=\"robots\" content=\"index, follow, max-snippet:-1, max-image-preview:large, max-video-preview:-1\" \/>\n<link rel=\"canonical\" href=\"https:\/\/inspirapsikoloji.com\/en\/contact-us\/\" \/>\n<meta property=\"og:locale\" content=\"en_US\" \/>\n<meta property=\"og:type\" content=\"article\" \/>\n<meta property=\"og:title\" content=\"\u0130leti\u015fim - \u0130nspira Psikoloji\" \/>\n<meta property=\"og:description\" content=\"\u0130nspira Psikoloji&#039;de verdi\u011fimiz hizmetlerle ilgili detayl\u0131 bilgi almak i\u00e7in bizimle ileti\u015fime ge\u00e7in.\" \/>\n<meta property=\"og:url\" content=\"https:\/\/inspirapsikoloji.com\/en\/contact-us\/\" \/>\n<meta property=\"og:site_name\" content=\"\u0130nspira Psikoloji\" \/>\n<meta property=\"article:modified_time\" content=\"2024-09-24T09:10:24+00:00\" \/>\n<meta property=\"og:image\" content=\"https:\/\/inspirapsikoloji.com\/wp-content\/uploads\/2024\/01\/pexels-alex-andrews-821754-scaled.jpg\" \/>\n\t<meta property=\"og:image:width\" content=\"2560\" \/>\n\t<meta property=\"og:image:height\" content=\"1920\" \/>\n\t<meta property=\"og:image:type\" content=\"image\/jpeg\" \/>\n<meta name=\"twitter:card\" content=\"summary_large_image\" \/>\n<meta name=\"twitter:label1\" content=\"Est. reading time\" \/>\n\t<meta name=\"twitter:data1\" content=\"1 minute\" \/>\n<script type=\"application\/ld+json\" class=\"yoast-schema-graph\">{\"@context\":\"https:\/\/schema.org\",\"@graph\":[{\"@type\":\"WebPage\",\"@id\":\"https:\/\/inspirapsikoloji.com\/iletisim\/\",\"url\":\"https:\/\/inspirapsikoloji.com\/iletisim\/\",\"name\":\"\u0130leti\u015fim - \u0130nspira Psikoloji\",\"isPartOf\":{\"@id\":\"https:\/\/inspirapsikoloji.com\/#website\"},\"primaryImageOfPage\":{\"@id\":\"https:\/\/inspirapsikoloji.com\/iletisim\/#primaryimage\"},\"image\":{\"@id\":\"https:\/\/inspirapsikoloji.com\/iletisim\/#primaryimage\"},\"thumbnailUrl\":\"https:\/\/inspirapsikoloji.com\/wp-content\/uploads\/2024\/01\/pexels-alex-andrews-821754-scaled.jpg\",\"datePublished\":\"2018-02-22T18:49:01+00:00\",\"dateModified\":\"2024-09-24T09:10:24+00:00\",\"description\":\"\u0130nspira Psikoloji'de verdi\u011fimiz hizmetlerle ilgili detayl\u0131 bilgi almak i\u00e7in bizimle ileti\u015fime ge\u00e7in.\",\"breadcrumb\":{\"@id\":\"https:\/\/inspirapsikoloji.com\/iletisim\/#breadcrumb\"},\"inLanguage\":\"en-US\",\"potentialAction\":[{\"@type\":\"ReadAction\",\"target\":[\"https:\/\/inspirapsikoloji.com\/iletisim\/\"]}]},{\"@type\":\"ImageObject\",\"inLanguage\":\"en-US\",\"@id\":\"https:\/\/inspirapsikoloji.com\/iletisim\/#primaryimage\",\"url\":\"https:\/\/inspirapsikoloji.com\/wp-content\/uploads\/2024\/01\/pexels-alex-andrews-821754-scaled.jpg\",\"contentUrl\":\"https:\/\/inspirapsikoloji.com\/wp-content\/uploads\/2024\/01\/pexels-alex-andrews-821754-scaled.jpg\",\"width\":2560,\"height\":1920},{\"@type\":\"BreadcrumbList\",\"@id\":\"https:\/\/inspirapsikoloji.com\/iletisim\/#breadcrumb\",\"itemListElement\":[{\"@type\":\"ListItem\",\"position\":1,\"name\":\"Anasayfa\",\"item\":\"https:\/\/inspirapsikoloji.com\/\"},{\"@type\":\"ListItem\",\"position\":2,\"name\":\"\u0130leti\u015fim\"}]},{\"@type\":\"WebSite\",\"@id\":\"https:\/\/inspirapsikoloji.com\/#website\",\"url\":\"https:\/\/inspirapsikoloji.com\/\",\"name\":\"\u0130nspira Psikoloji\",\"description\":\"\",\"publisher\":{\"@id\":\"https:\/\/inspirapsikoloji.com\/#organization\"},\"potentialAction\":[{\"@type\":\"SearchAction\",\"target\":{\"@type\":\"EntryPoint\",\"urlTemplate\":\"https:\/\/inspirapsikoloji.com\/?s={search_term_string}\"},\"query-input\":\"required name=search_term_string\"}],\"inLanguage\":\"en-US\"},{\"@type\":\"Organization\",\"@id\":\"https:\/\/inspirapsikoloji.com\/#organization\",\"name\":\"\u0130nspira Psikoloji\",\"url\":\"https:\/\/inspirapsikoloji.com\/\",\"logo\":{\"@type\":\"ImageObject\",\"inLanguage\":\"en-US\",\"@id\":\"https:\/\/inspirapsikoloji.com\/#\/schema\/logo\/image\/\",\"url\":\"http:\/\/inspirapsikoloji.com\/wp-content\/uploads\/2024\/03\/inspira-psikoloji-logo-.png\",\"contentUrl\":\"http:\/\/inspirapsikoloji.com\/wp-content\/uploads\/2024\/03\/inspira-psikoloji-logo-.png\",\"width\":789,\"height\":316,\"caption\":\"\u0130nspira Psikoloji\"},\"image\":{\"@id\":\"https:\/\/inspirapsikoloji.com\/#\/schema\/logo\/image\/\"}}]}<\/script>\n<!-- \/ Yoast SEO plugin. -->","yoast_head_json":{"title":"\u0130leti\u015fim - \u0130nspira Psikoloji","description":"\u0130nspira Psikoloji'de verdi\u011fimiz hizmetlerle ilgili detayl\u0131 bilgi almak i\u00e7in bizimle ileti\u015fime ge\u00e7in.","robots":{"index":"index","follow":"follow","max-snippet":"max-snippet:-1","max-image-preview":"max-image-preview:large","max-video-preview":"max-video-preview:-1"},"canonical":"https:\/\/inspirapsikoloji.com\/en\/contact-us\/","og_locale":"en_US","og_type":"article","og_title":"\u0130leti\u015fim - \u0130nspira Psikoloji","og_description":"\u0130nspira Psikoloji'de verdi\u011fimiz hizmetlerle ilgili detayl\u0131 bilgi almak i\u00e7in bizimle ileti\u015fime ge\u00e7in.","og_url":"https:\/\/inspirapsikoloji.com\/en\/contact-us\/","og_site_name":"\u0130nspira Psikoloji","article_modified_time":"2024-09-24T09:10:24+00:00","og_image":[{"width":2560,"height":1920,"url":"https:\/\/inspirapsikoloji.com\/wp-content\/uploads\/2024\/01\/pexels-alex-andrews-821754-scaled.jpg","type":"image\/jpeg"}],"twitter_card":"summary_large_image","twitter_misc":{"Est. reading time":"1 minute"},"schema":{"@context":"https:\/\/schema.org","@graph":[{"@type":"WebPage","@id":"https:\/\/inspirapsikoloji.com\/iletisim\/","url":"https:\/\/inspirapsikoloji.com\/iletisim\/","name":"\u0130leti\u015fim - \u0130nspira Psikoloji","isPartOf":{"@id":"https:\/\/inspirapsikoloji.com\/#website"},"primaryImageOfPage":{"@id":"https:\/\/inspirapsikoloji.com\/iletisim\/#primaryimage"},"image":{"@id":"https:\/\/inspirapsikoloji.com\/iletisim\/#primaryimage"},"thumbnailUrl":"https:\/\/inspirapsikoloji.com\/wp-content\/uploads\/2024\/01\/pexels-alex-andrews-821754-scaled.jpg","datePublished":"2018-02-22T18:49:01+00:00","dateModified":"2024-09-24T09:10:24+00:00","description":"\u0130nspira Psikoloji'de verdi\u011fimiz hizmetlerle ilgili detayl\u0131 bilgi almak i\u00e7in bizimle ileti\u015fime ge\u00e7in.","breadcrumb":{"@id":"https:\/\/inspirapsikoloji.com\/iletisim\/#breadcrumb"},"inLanguage":"en-US","potentialAction":[{"@type":"ReadAction","target":["https:\/\/inspirapsikoloji.com\/iletisim\/"]}]},{"@type":"ImageObject","inLanguage":"en-US","@id":"https:\/\/inspirapsikoloji.com\/iletisim\/#primaryimage","url":"https:\/\/inspirapsikoloji.com\/wp-content\/uploads\/2024\/01\/pexels-alex-andrews-821754-scaled.jpg","contentUrl":"https:\/\/inspirapsikoloji.com\/wp-content\/uploads\/2024\/01\/pexels-alex-andrews-821754-scaled.jpg","width":2560,"height":1920},{"@type":"BreadcrumbList","@id":"https:\/\/inspirapsikoloji.com\/iletisim\/#breadcrumb","itemListElement":[{"@type":"ListItem","position":1,"name":"Anasayfa","item":"https:\/\/inspirapsikoloji.com\/"},{"@type":"ListItem","position":2,"name":"\u0130leti\u015fim"}]},{"@type":"WebSite","@id":"https:\/\/inspirapsikoloji.com\/#website","url":"https:\/\/inspirapsikoloji.com\/","name":"\u0130nspira Psikoloji","description":"","publisher":{"@id":"https:\/\/inspirapsikoloji.com\/#organization"},"potentialAction":[{"@type":"SearchAction","target":{"@type":"EntryPoint","urlTemplate":"https:\/\/inspirapsikoloji.com\/?s={search_term_string}"},"query-input":"required name=search_term_string"}],"inLanguage":"en-US"},{"@type":"Organization","@id":"https:\/\/inspirapsikoloji.com\/#organization","name":"\u0130nspira Psikoloji","url":"https:\/\/inspirapsikoloji.com\/","logo":{"@type":"ImageObject","inLanguage":"en-US","@id":"https:\/\/inspirapsikoloji.com\/#\/schema\/logo\/image\/","url":"http:\/\/inspirapsikoloji.com\/wp-content\/uploads\/2024\/03\/inspira-psikoloji-logo-.png","contentUrl":"http:\/\/inspirapsikoloji.com\/wp-content\/uploads\/2024\/03\/inspira-psikoloji-logo-.png","width":789,"height":316,"caption":"\u0130nspira Psikoloji"},"image":{"@id":"https:\/\/inspirapsikoloji.com\/#\/schema\/logo\/image\/"}}]}},"_links":{"self":[{"href":"https:\/\/inspirapsikoloji.com\/en\/wp-json\/wp\/v2\/pages\/17","targetHints":{"allow":["GET"]}}],"collection":[{"href":"https:\/\/inspirapsikoloji.com\/en\/wp-json\/wp\/v2\/pages"}],"about":[{"href":"https:\/\/inspirapsikoloji.com\/en\/wp-json\/wp\/v2\/types\/page"}],"author":[{"embeddable":true,"href":"https:\/\/inspirapsikoloji.com\/en\/wp-json\/wp\/v2\/users\/1"}],"replies":[{"embeddable":true,"href":"https:\/\/inspirapsikoloji.com\/en\/wp-json\/wp\/v2\/comments?post=17"}],"version-history":[{"count":20,"href":"https:\/\/inspirapsikoloji.com\/en\/wp-json\/wp\/v2\/pages\/17\/revisions"}],"predecessor-version":[{"id":1086,"href":"https:\/\/inspirapsikoloji.com\/en\/wp-json\/wp\/v2\/pages\/17\/revisions\/1086"}],"wp:featuredmedia":[{"embeddable":true,"href":"https:\/\/inspirapsikoloji.com\/en\/wp-json\/wp\/v2\/media\/969"}],"wp:attachment":[{"href":"https:\/\/inspirapsikoloji.com\/en\/wp-json\/wp\/v2\/media?parent=17"}],"curies":[{"name":"wp","href":"https:\/\/api.w.org\/{rel}","templated":true}]}}