{"id":11,"date":"2018-02-22T18:48:18","date_gmt":"2018-02-22T18:48:18","guid":{"rendered":"http:\/\/local.psych\/?page_id=11"},"modified":"2024-09-23T21:00:57","modified_gmt":"2024-09-23T18:00:57","slug":"yaklasimimiz","status":"publish","type":"page","link":"https:\/\/inspirapsikoloji.com\/en\/our-approach\/","title":{"rendered":"Our Approach"},"content":{"rendered":"<div class=\"vc_row wpb_row vc_row-fluid\"><div class=\"wpb_column vc_column_container vc_col-sm-12\"><div class=\"vc_column-inner\"><div class=\"wpb_wrapper\">\n\t<div class=\"wpb_text_column wpb_content_element\" >\n\t\t<div class=\"wpb_wrapper\">\n\t\t\t<p><span style=\"color: #000000;\">Our foundation is built on the principles of Cognitive Behavioral Therapy (CBT), a proven and effective method for addressing a wide range of mental health challenges. <\/span><\/p>\n<p><span style=\"color: #000000;\">BDT; <\/span>Cognitive Behavioral Therapy, or CBT, is a highly effective and  evidence-based approach to psychotherapy that focuses on the powerful connection between our thoughts, feelings, and behaviors. At Inspira Psikoloji, we believe in the transformative potential of CBT to help individuals achieve lasting positive change in their lives.<\/p>\n<p>CBT is rooted in the idea that our thoughts and beliefs directly influence our emotions and actions. It offers a structured and goal-oriented framework to help individuals identify and challenge negative thought patterns and build more constructive and helpful ones. By doing so, individuals can gain control over their emotional responses and develop healthier coping strategies.<\/p>\n\n\t\t<\/div>\n\t<\/div>\n\n\t<div class=\"wpb_text_column wpb_content_element  vc_custom_1705527423591\" >\n\t\t<div class=\"wpb_wrapper\">\n\t\t\t<h6>Our Key Principles:<\/h6>\n<p>&nbsp;<\/p>\n<p>Collaboration: We work collaboratively with our clients, fostering a partnership where we jointly explore thoughts, feelings, and behaviors.<\/p>\n<p>Evidence-Based Practice: Our approach is rooted in evidence-based practices, with a focus on scientifically validated techniques proven effective in addressing various mental health issues.<\/p>\n<p>Skill-Building: We emphasize skill-building, empowering our clients with practical tools and strategies to navigate life's challenges.<\/p>\n\n\t\t<\/div>\n\t<\/div>\n<div class=\"os-faq-item\">\n            <div class=\"os-faq-question-w\">\n              <div class=\"icon-w\"><i class=\"os-icon os-icon-plus-square\"><\/i><\/div>\n              <h6 class=\"os-faq-question\">How CBT Can Help:<\/h6>\n            <\/div>\n            <div class=\"os-faq-answer\"><p>CBT can be a valuable tool in addressing a wide range of mental health concerns, including anxiety, depression, stress, phobias, and more. It equips individuals with the skills to:<\/p>\n<ul>\n<li>Recognize and reframe unhelpful or self-defeating thoughts<\/li>\n<li>Manage anxiety and stress more effectively<\/li>\n<li>Develop problem-solving and coping strategies<\/li>\n<li>Enhance self-esteem and self-confidence<\/li>\n<li>Improve relationships and communication skills<\/li>\n<\/ul>\n<p>The structured nature of CBT makes it a practical choice for those seeking tangible results in a relatively short period. It is an adaptable approach, with techniques tailored to meet the unique needs of each individual.<\/p>\n<p>At Inspira Psikoloji, we are committed to providing CBT as part of our therapy services because we believe in its power to empower individuals to lead more fulfilling lives. We look forward to working with you to identify your specific goals and develop a personalized plan towards your well-being.<\/p>\n<\/div>\n          <\/div><\/div><\/div><\/div><\/div>","protected":false},"excerpt":{"rendered":"Yakla\u015f\u0131m\u0131m\u0131z, Bili\u015fsel Davran\u0131\u015f\u00e7\u0131 Terapi (BDT) ilkelerine dayanmaktad\u0131r. BDT psikolojik sa\u011fl\u0131kla ilgili bir\u00e7ok zorlu\u011fu etkili bir \u015fekilde ele alan, kan\u0131ta dayal\u0131 bir yakla\u015f\u0131md\u0131r. BDT; d\u00fc\u015f\u00fcncelerimiz, duygular\u0131m\u0131z ve davran\u0131\u015flar\u0131m\u0131z aras\u0131ndaki g\u00fc\u00e7l\u00fc ba\u011flant\u0131ya odaklan\u0131r. Inspira Psikoloji olarak, BDT'nin etkilili\u011fine ve bireylerin hayatlar\u0131nda kal\u0131c\u0131 olumlu de\u011fi\u015fikliklere ula\u015fmalar\u0131na yard\u0131mc\u0131 olabilece\u011fine inan\u0131yoruz. BDT; d\u00fc\u015f\u00fcncelerimizin ve inan\u00e7lar\u0131m\u0131z\u0131n duygular\u0131m\u0131z\u0131 ve eylemlerimizi do\u011frudan etkiledi\u011fi...<div class=\"[...]\"><a href=\"https:\/\/inspirapsikoloji.com\/en\/our-approach\/\">Read More<\/a><\/div>","protected":false},"author":1,"featured_media":968,"parent":0,"menu_order":0,"comment_status":"closed","ping_status":"closed","template":"","meta":{"footnotes":""},"class_list":["post-11","page","type-page","status-publish","has-post-thumbnail","hentry"],"yoast_head":"<!-- This site is optimized with the Yoast SEO plugin v22.2 - https:\/\/yoast.com\/wordpress\/plugins\/seo\/ -->\n<title>Yakla\u015f\u0131m\u0131m\u0131z - \u0130nspira Psikoloji<\/title>\n<meta name=\"description\" content=\"Yakla\u015f\u0131m\u0131m\u0131z, Bili\u015fsel Davran\u0131\u015f\u00e7\u0131 Terapi (BDT) ilkelerine dayanmaktad\u0131r. BDT, bir\u00e7ok zorlu\u011fu etkili bir \u015fekilde ele alan, kan\u0131ta dayal\u0131 bir yakla\u015f\u0131md\u0131r.\" \/>\n<meta name=\"robots\" content=\"index, follow, max-snippet:-1, max-image-preview:large, max-video-preview:-1\" \/>\n<link rel=\"canonical\" href=\"https:\/\/inspirapsikoloji.com\/en\/our-approach\/\" \/>\n<meta property=\"og:locale\" content=\"en_US\" \/>\n<meta property=\"og:type\" content=\"article\" \/>\n<meta property=\"og:title\" content=\"Yakla\u015f\u0131m\u0131m\u0131z - \u0130nspira Psikoloji\" \/>\n<meta property=\"og:description\" content=\"Yakla\u015f\u0131m\u0131m\u0131z, Bili\u015fsel Davran\u0131\u015f\u00e7\u0131 Terapi (BDT) ilkelerine dayanmaktad\u0131r. BDT, bir\u00e7ok zorlu\u011fu etkili bir \u015fekilde ele alan, kan\u0131ta dayal\u0131 bir yakla\u015f\u0131md\u0131r.\" \/>\n<meta property=\"og:url\" content=\"https:\/\/inspirapsikoloji.com\/en\/our-approach\/\" \/>\n<meta property=\"og:site_name\" content=\"\u0130nspira Psikoloji\" \/>\n<meta property=\"article:modified_time\" content=\"2024-09-23T18:00:57+00:00\" \/>\n<meta property=\"og:image\" content=\"https:\/\/inspirapsikoloji.com\/wp-content\/uploads\/2024\/01\/andrew-neel-cckf4TsHAuw-unsplash-scaled.jpg\" \/>\n\t<meta property=\"og:image:width\" content=\"2560\" \/>\n\t<meta property=\"og:image:height\" content=\"1707\" \/>\n\t<meta property=\"og:image:type\" content=\"image\/jpeg\" \/>\n<meta name=\"twitter:card\" content=\"summary_large_image\" \/>\n<meta name=\"twitter:label1\" content=\"Est. reading time\" \/>\n\t<meta name=\"twitter:data1\" content=\"2 minutes\" \/>\n<script type=\"application\/ld+json\" class=\"yoast-schema-graph\">{\"@context\":\"https:\/\/schema.org\",\"@graph\":[{\"@type\":\"WebPage\",\"@id\":\"https:\/\/inspirapsikoloji.com\/yaklasimimiz\/\",\"url\":\"https:\/\/inspirapsikoloji.com\/yaklasimimiz\/\",\"name\":\"Yakla\u015f\u0131m\u0131m\u0131z - \u0130nspira Psikoloji\",\"isPartOf\":{\"@id\":\"https:\/\/inspirapsikoloji.com\/#website\"},\"primaryImageOfPage\":{\"@id\":\"https:\/\/inspirapsikoloji.com\/yaklasimimiz\/#primaryimage\"},\"image\":{\"@id\":\"https:\/\/inspirapsikoloji.com\/yaklasimimiz\/#primaryimage\"},\"thumbnailUrl\":\"https:\/\/inspirapsikoloji.com\/wp-content\/uploads\/2024\/01\/andrew-neel-cckf4TsHAuw-unsplash-scaled.jpg\",\"datePublished\":\"2018-02-22T18:48:18+00:00\",\"dateModified\":\"2024-09-23T18:00:57+00:00\",\"description\":\"Yakla\u015f\u0131m\u0131m\u0131z, Bili\u015fsel Davran\u0131\u015f\u00e7\u0131 Terapi (BDT) ilkelerine dayanmaktad\u0131r. BDT, bir\u00e7ok zorlu\u011fu etkili bir \u015fekilde ele alan, kan\u0131ta dayal\u0131 bir yakla\u015f\u0131md\u0131r.\",\"breadcrumb\":{\"@id\":\"https:\/\/inspirapsikoloji.com\/yaklasimimiz\/#breadcrumb\"},\"inLanguage\":\"en-US\",\"potentialAction\":[{\"@type\":\"ReadAction\",\"target\":[\"https:\/\/inspirapsikoloji.com\/yaklasimimiz\/\"]}]},{\"@type\":\"ImageObject\",\"inLanguage\":\"en-US\",\"@id\":\"https:\/\/inspirapsikoloji.com\/yaklasimimiz\/#primaryimage\",\"url\":\"https:\/\/inspirapsikoloji.com\/wp-content\/uploads\/2024\/01\/andrew-neel-cckf4TsHAuw-unsplash-scaled.jpg\",\"contentUrl\":\"https:\/\/inspirapsikoloji.com\/wp-content\/uploads\/2024\/01\/andrew-neel-cckf4TsHAuw-unsplash-scaled.jpg\",\"width\":2560,\"height\":1707},{\"@type\":\"BreadcrumbList\",\"@id\":\"https:\/\/inspirapsikoloji.com\/yaklasimimiz\/#breadcrumb\",\"itemListElement\":[{\"@type\":\"ListItem\",\"position\":1,\"name\":\"Anasayfa\",\"item\":\"https:\/\/inspirapsikoloji.com\/\"},{\"@type\":\"ListItem\",\"position\":2,\"name\":\"Yakla\u015f\u0131m\u0131m\u0131z\"}]},{\"@type\":\"WebSite\",\"@id\":\"https:\/\/inspirapsikoloji.com\/#website\",\"url\":\"https:\/\/inspirapsikoloji.com\/\",\"name\":\"\u0130nspira Psikoloji\",\"description\":\"\",\"publisher\":{\"@id\":\"https:\/\/inspirapsikoloji.com\/#organization\"},\"potentialAction\":[{\"@type\":\"SearchAction\",\"target\":{\"@type\":\"EntryPoint\",\"urlTemplate\":\"https:\/\/inspirapsikoloji.com\/?s={search_term_string}\"},\"query-input\":\"required name=search_term_string\"}],\"inLanguage\":\"en-US\"},{\"@type\":\"Organization\",\"@id\":\"https:\/\/inspirapsikoloji.com\/#organization\",\"name\":\"\u0130nspira Psikoloji\",\"url\":\"https:\/\/inspirapsikoloji.com\/\",\"logo\":{\"@type\":\"ImageObject\",\"inLanguage\":\"en-US\",\"@id\":\"https:\/\/inspirapsikoloji.com\/#\/schema\/logo\/image\/\",\"url\":\"http:\/\/inspirapsikoloji.com\/wp-content\/uploads\/2024\/03\/inspira-psikoloji-logo-.png\",\"contentUrl\":\"http:\/\/inspirapsikoloji.com\/wp-content\/uploads\/2024\/03\/inspira-psikoloji-logo-.png\",\"width\":789,\"height\":316,\"caption\":\"\u0130nspira Psikoloji\"},\"image\":{\"@id\":\"https:\/\/inspirapsikoloji.com\/#\/schema\/logo\/image\/\"}}]}<\/script>\n<!-- \/ Yoast SEO plugin. -->","yoast_head_json":{"title":"Yakla\u015f\u0131m\u0131m\u0131z - \u0130nspira Psikoloji","description":"Yakla\u015f\u0131m\u0131m\u0131z, Bili\u015fsel Davran\u0131\u015f\u00e7\u0131 Terapi (BDT) ilkelerine dayanmaktad\u0131r. BDT, bir\u00e7ok zorlu\u011fu etkili bir \u015fekilde ele alan, kan\u0131ta dayal\u0131 bir yakla\u015f\u0131md\u0131r.","robots":{"index":"index","follow":"follow","max-snippet":"max-snippet:-1","max-image-preview":"max-image-preview:large","max-video-preview":"max-video-preview:-1"},"canonical":"https:\/\/inspirapsikoloji.com\/en\/our-approach\/","og_locale":"en_US","og_type":"article","og_title":"Yakla\u015f\u0131m\u0131m\u0131z - \u0130nspira Psikoloji","og_description":"Yakla\u015f\u0131m\u0131m\u0131z, Bili\u015fsel Davran\u0131\u015f\u00e7\u0131 Terapi (BDT) ilkelerine dayanmaktad\u0131r. BDT, bir\u00e7ok zorlu\u011fu etkili bir \u015fekilde ele alan, kan\u0131ta dayal\u0131 bir yakla\u015f\u0131md\u0131r.","og_url":"https:\/\/inspirapsikoloji.com\/en\/our-approach\/","og_site_name":"\u0130nspira Psikoloji","article_modified_time":"2024-09-23T18:00:57+00:00","og_image":[{"width":2560,"height":1707,"url":"https:\/\/inspirapsikoloji.com\/wp-content\/uploads\/2024\/01\/andrew-neel-cckf4TsHAuw-unsplash-scaled.jpg","type":"image\/jpeg"}],"twitter_card":"summary_large_image","twitter_misc":{"Est. reading time":"2 minutes"},"schema":{"@context":"https:\/\/schema.org","@graph":[{"@type":"WebPage","@id":"https:\/\/inspirapsikoloji.com\/yaklasimimiz\/","url":"https:\/\/inspirapsikoloji.com\/yaklasimimiz\/","name":"Yakla\u015f\u0131m\u0131m\u0131z - \u0130nspira Psikoloji","isPartOf":{"@id":"https:\/\/inspirapsikoloji.com\/#website"},"primaryImageOfPage":{"@id":"https:\/\/inspirapsikoloji.com\/yaklasimimiz\/#primaryimage"},"image":{"@id":"https:\/\/inspirapsikoloji.com\/yaklasimimiz\/#primaryimage"},"thumbnailUrl":"https:\/\/inspirapsikoloji.com\/wp-content\/uploads\/2024\/01\/andrew-neel-cckf4TsHAuw-unsplash-scaled.jpg","datePublished":"2018-02-22T18:48:18+00:00","dateModified":"2024-09-23T18:00:57+00:00","description":"Yakla\u015f\u0131m\u0131m\u0131z, Bili\u015fsel Davran\u0131\u015f\u00e7\u0131 Terapi (BDT) ilkelerine dayanmaktad\u0131r. BDT, bir\u00e7ok zorlu\u011fu etkili bir \u015fekilde ele alan, kan\u0131ta dayal\u0131 bir yakla\u015f\u0131md\u0131r.","breadcrumb":{"@id":"https:\/\/inspirapsikoloji.com\/yaklasimimiz\/#breadcrumb"},"inLanguage":"en-US","potentialAction":[{"@type":"ReadAction","target":["https:\/\/inspirapsikoloji.com\/yaklasimimiz\/"]}]},{"@type":"ImageObject","inLanguage":"en-US","@id":"https:\/\/inspirapsikoloji.com\/yaklasimimiz\/#primaryimage","url":"https:\/\/inspirapsikoloji.com\/wp-content\/uploads\/2024\/01\/andrew-neel-cckf4TsHAuw-unsplash-scaled.jpg","contentUrl":"https:\/\/inspirapsikoloji.com\/wp-content\/uploads\/2024\/01\/andrew-neel-cckf4TsHAuw-unsplash-scaled.jpg","width":2560,"height":1707},{"@type":"BreadcrumbList","@id":"https:\/\/inspirapsikoloji.com\/yaklasimimiz\/#breadcrumb","itemListElement":[{"@type":"ListItem","position":1,"name":"Anasayfa","item":"https:\/\/inspirapsikoloji.com\/"},{"@type":"ListItem","position":2,"name":"Yakla\u015f\u0131m\u0131m\u0131z"}]},{"@type":"WebSite","@id":"https:\/\/inspirapsikoloji.com\/#website","url":"https:\/\/inspirapsikoloji.com\/","name":"\u0130nspira Psikoloji","description":"","publisher":{"@id":"https:\/\/inspirapsikoloji.com\/#organization"},"potentialAction":[{"@type":"SearchAction","target":{"@type":"EntryPoint","urlTemplate":"https:\/\/inspirapsikoloji.com\/?s={search_term_string}"},"query-input":"required name=search_term_string"}],"inLanguage":"en-US"},{"@type":"Organization","@id":"https:\/\/inspirapsikoloji.com\/#organization","name":"\u0130nspira Psikoloji","url":"https:\/\/inspirapsikoloji.com\/","logo":{"@type":"ImageObject","inLanguage":"en-US","@id":"https:\/\/inspirapsikoloji.com\/#\/schema\/logo\/image\/","url":"http:\/\/inspirapsikoloji.com\/wp-content\/uploads\/2024\/03\/inspira-psikoloji-logo-.png","contentUrl":"http:\/\/inspirapsikoloji.com\/wp-content\/uploads\/2024\/03\/inspira-psikoloji-logo-.png","width":789,"height":316,"caption":"\u0130nspira Psikoloji"},"image":{"@id":"https:\/\/inspirapsikoloji.com\/#\/schema\/logo\/image\/"}}]}},"_links":{"self":[{"href":"https:\/\/inspirapsikoloji.com\/en\/wp-json\/wp\/v2\/pages\/11","targetHints":{"allow":["GET"]}}],"collection":[{"href":"https:\/\/inspirapsikoloji.com\/en\/wp-json\/wp\/v2\/pages"}],"about":[{"href":"https:\/\/inspirapsikoloji.com\/en\/wp-json\/wp\/v2\/types\/page"}],"author":[{"embeddable":true,"href":"https:\/\/inspirapsikoloji.com\/en\/wp-json\/wp\/v2\/users\/1"}],"replies":[{"embeddable":true,"href":"https:\/\/inspirapsikoloji.com\/en\/wp-json\/wp\/v2\/comments?post=11"}],"version-history":[{"count":14,"href":"https:\/\/inspirapsikoloji.com\/en\/wp-json\/wp\/v2\/pages\/11\/revisions"}],"predecessor-version":[{"id":1082,"href":"https:\/\/inspirapsikoloji.com\/en\/wp-json\/wp\/v2\/pages\/11\/revisions\/1082"}],"wp:featuredmedia":[{"embeddable":true,"href":"https:\/\/inspirapsikoloji.com\/en\/wp-json\/wp\/v2\/media\/968"}],"wp:attachment":[{"href":"https:\/\/inspirapsikoloji.com\/en\/wp-json\/wp\/v2\/media?parent=11"}],"curies":[{"name":"wp","href":"https:\/\/api.w.org\/{rel}","templated":true}]}}